{"id":14076,"date":"2026-04-03T14:51:58","date_gmt":"2026-04-03T06:51:58","guid":{"rendered":"https:\/\/www.art-logics.com\/cas-dutilisation-copie-de-lapplication-smart-logger\/"},"modified":"2026-04-03T15:56:24","modified_gmt":"2026-04-03T07:56:24","slug":"cas-dutilisation-copie-de-lapplication-smart-logger","status":"publish","type":"page","link":"https:\/\/www.art-logics.com\/fr\/cas-dutilisation-copie-de-lapplication-smart-logger\/","title":{"rendered":"CAS D&rsquo;UTILISATION &#8211; Application de l&rsquo;IA"},"content":{"rendered":"<!--themify_builder_content-->\n<div id=\"themify_builder_content-14076\" data-postid=\"14076\" class=\"themify_builder_content themify_builder_content-14076 themify_builder tf_clear\">\n                    <div  data-css_id=\"1nwz900\" data-lazy=\"1\" class=\"module_row themify_builder_row fullwidth tb_1nwz900 tb_first tf_w\">\n            <span  class=\"builder_row_cover tf_abs\" data-lazy=\"1\"><\/span>            <div class=\"row_inner col_align_top tb_col_count_1 tf_box tf_rel\">\n                        <div  data-lazy=\"1\" class=\"module_column tb-column col-full tb_bnhq505 first\">\n                    <!-- module fancy heading -->\n<div  class=\"module module-fancy-heading tb_gpub100  tb_hide_divider\" data-lazy=\"1\">\n        <h1 class=\"fancy-heading\">\n    <span class=\"main-head tf_block\">\n                    APPLICATION DE L'IA            <\/span>\n\n    \n    <span class=\"sub-head tf_block tf_rel\">\n                                <\/span>\n    <\/h1>\n<\/div>\n<!-- \/module fancy heading -->\n        <\/div>\n                        <\/div>\n        <\/div>\n                        <div  data-css_id=\"v309065\" data-lazy=\"1\" class=\"module_row themify_builder_row fullwidth_row_container tb_v309065 tf_w\">\n                        <div class=\"row_inner col_align_top tb_col_count_2 tf_box tf_rel\">\n                        <div  data-lazy=\"1\" class=\"module_column tb-column col4-2 tb_h2yk006 first\">\n                    <!-- module fancy heading -->\n<div  class=\"module module-fancy-heading tb_5jsu056  tb_hide_divider\" data-lazy=\"1\">\n        <h1 class=\"fancy-heading\">\n    <span class=\"main-head tf_block\">\n                    Quelles sont les applications ART Logics AI ?            <\/span>\n\n    \n    <span class=\"sub-head tf_block tf_rel\">\n                                <\/span>\n    <\/h1>\n<\/div>\n<!-- \/module fancy heading -->\n<!-- module text -->\n<div  class=\"module module-text tb_2az4500   \" data-lazy=\"1\">\n        <div  class=\"tb_text_wrap\">\n        <p>  La technologie d&rsquo;enregistrement est essentielle dans de nombreux domaines de l&rsquo;ing\u00e9nierie et de la recherche de pointe o\u00f9 l&rsquo;acquisition de donn\u00e9es pr\u00e9cises, \u00e0 grande vitesse et multiparam\u00e8tres est cruciale. ART Logics a d\u00e9velopp\u00e9 une s\u00e9rie d&rsquo;enregistreurs de pointe con\u00e7us pour capturer les signaux \u00e9lectriques avec une pr\u00e9cision exceptionnelle dans divers domaines physiques : tension, courant, fr\u00e9quence, \u00e9tat num\u00e9rique et temp\u00e9rature. <\/p>\n<p>ART Logics propose une gamme compl\u00e8te de solutions d&rsquo;enregistrement intelligentes pour diverses applications industrielles &#8211; de l&rsquo;automobile \u00e0 l&rsquo;a\u00e9rospatiale en passant par les syst\u00e8mes de batteries pour v\u00e9hicules \u00e9lectriques et l&rsquo;\u00e9lectronique \u00e0 grande vitesse. Ces enregistreurs capturent les signaux de tension, de courant, de fr\u00e9quence, num\u00e9riques et de temp\u00e9rature avec une pr\u00e9cision extr\u00eame, une vitesse \u00e9lev\u00e9e et une intelligence embarqu\u00e9e, le tout sans avoir besoin d&rsquo;un PC connect\u00e9. <\/p>    <\/div>\n<\/div>\n<!-- \/module text -->        <\/div>\n                    <div  data-lazy=\"1\" class=\"module_column tb-column col4-2 tb_tojh552 last\">\n                    <!-- module text -->\n<div  class=\"module module-text tb_hxe9065   \" data-lazy=\"1\">\n        <div  class=\"tb_text_wrap\">\n        <p>Produits soutenant l&rsquo;application de l&rsquo;IA :<\/p>    <\/div>\n<\/div>\n<!-- \/module text -->        <div  data-lazy=\"1\" class=\"module_subrow themify_builder_sub_row tf_w col_align_top tb_col_count_1 tb_frm1060 tb_link_outline\" data-tb_link=\"https:\/\/www.art-logics.com\/can-tool-6-8-channel-module\/\">\n                <div  data-lazy=\"1\" class=\"module_column sub_column col-full tb_wjgc000 first\" data-tb_link=\"https:\/\/www.art-logics.com\/high-voltage-loggers\/#\" data-tb_link_new=\"1\">\n                            <div  data-lazy=\"1\" class=\"module_subrow themify_builder_sub_row tf_w col_align_top tb_col_count_3 tb_wfua062\">\n                <div  data-lazy=\"1\" class=\"module_column sub_column col3-1 tb_s8nc698 first\">\n                    <!-- module icon -->\n<div  class=\"module module-icon tb_t3i3698  large  icon_horizontal \" data-lazy=\"1\">\n\t\t\t<div class=\"module-icon-item\">\n\t\t\t\t\t\t\t\t\t\t\t\t\t\t\t\t<em class=\"tf_box\"\n\t\t\t\t\t\t\t\t\t\t\t\t style=\"color:#000000\"\t\t\t\t\t><svg  class=\"tf_fa tf-far-dot-circle\" xmlns:xlink=\"http:\/\/www.w3.org\/1999\/xlink\" aria-hidden=\"true\"><use href=\"#tf-far-dot-circle\" xlink:href=\"#tf-far-dot-circle\"><\/use><\/svg><\/em>\n\t\t\t\t\t\t\t\t\t\t\t\t\t\t<\/div>\n\t<\/div>\n<!-- \/module icon -->\n        <\/div>\n                    <div  data-lazy=\"1\" class=\"module_column sub_column col3-1 tb_b1s6698\">\n                    <!-- module text -->\n<div  class=\"module module-text tb_5i9d698   \" data-lazy=\"1\">\n        <div  class=\"tb_text_wrap\">\n        <p class=\"p1\"><b>Enregistreurs haute tension<\/b><\/p>    <\/div>\n<\/div>\n<!-- \/module text -->        <\/div>\n                    <div  data-lazy=\"1\" class=\"module_column sub_column col3-1 tb_ti03698 last\">\n                    <!-- module icon -->\n<div  class=\"module module-icon tb_wgqd698  large  icon_horizontal \" data-lazy=\"1\">\n\t\t\t<div class=\"module-icon-item\">\n\t\t\t\t\t\t\t\t\t\t\t\t\t\t\t\t<em class=\"tf_box\"\n\t\t\t\t\t\t\t\t\t\t\t\t style=\"color:#000000\"\t\t\t\t\t><svg  class=\"tf_fa tf-ti-angle-right\" xmlns:xlink=\"http:\/\/www.w3.org\/1999\/xlink\" aria-hidden=\"true\"><use href=\"#tf-ti-angle-right\" xlink:href=\"#tf-ti-angle-right\"><\/use><\/svg><\/em>\n\t\t\t\t\t\t\t\t\t\t\t\t\t\t<\/div>\n\t<\/div>\n<!-- \/module icon -->\n        <\/div>\n                    <\/div>\n                <\/div>\n                    <\/div>\n                <\/div>\n                        <\/div>\n        <\/div>\n                        <div  data-css_id=\"2an3000\" data-lazy=\"1\" class=\"module_row themify_builder_row fullwidth_row_container tb_2an3000 tf_w\">\n                        <div class=\"row_inner col_align_top tb_col_count_1 tf_box tf_rel\">\n                        <div  data-lazy=\"1\" class=\"module_column tb-column col-full tb_91n1506 first\">\n                    <!-- module fancy heading -->\n<div  class=\"module module-fancy-heading tb_yd12060  tb_hide_divider\" data-lazy=\"1\">\n        <h1 class=\"fancy-heading tf_textl\">\n    <span class=\"main-head tf_block\">\n                    D\u00e9couvrez les articles pr\u00e9sentant nos produits d'application de l'IA :            <\/span>\n\n    \n    <span class=\"sub-head tf_block tf_rel\">\n                                <\/span>\n    <\/h1>\n<\/div>\n<!-- \/module fancy heading -->\n        <\/div>\n                        <\/div>\n        <\/div>\n                        <div  data-css_id=\"q1c3300\" data-lazy=\"1\" class=\"module_row themify_builder_row fullwidth_row_container tb_q1c3300 tf_w\">\n                        <div class=\"row_inner col_align_top tb_col_count_1 tf_box tf_rel\">\n                        <div  data-lazy=\"1\" class=\"module_column tb-column col-full tb_irb7666 first\" data-tb_link=\"https:\/\/www.art-logics.com\/articlesmart-logger-technology-by-art-logics\/#\" data-tb_link_new=\"1\">\n                    <!-- module image -->\n<div  class=\"module module-image tb_u995006 image-top   tf_mw\" data-lazy=\"1\">\n        <div class=\"image-wrap tf_rel tf_mw\">\n            <img loading=\"lazy\" decoding=\"async\" src=\"https:\/\/www.art-logics.com\/wp-content\/uploads\/2026\/04\/AI-APPLICATION-1024x682-569x372.png\" width=\"569\" height=\"372\" class=\"wp-post-image wp-image-14105\" title=\"AI APPLICATION\" alt=\"AI APPLICATION\">    \n        <\/div>\n    <!-- \/image-wrap -->\n    \n        <\/div>\n<!-- \/module image --><!-- module text -->\n<div  class=\"module module-text tb_wz80666   \" data-lazy=\"1\">\n        <div  class=\"tb_text_wrap\">\n        <h4>Technologie d&rsquo;application de l&rsquo;IA par ART Logics<\/h4>\n<p style=\"text-align: left;\"> <\/p>    <\/div>\n<\/div>\n<!-- \/module text -->        <\/div>\n                        <\/div>\n        <\/div>\n                        <div  data-css_id=\"x6te626\" data-lazy=\"1\" class=\"module_row themify_builder_row fullwidth_row_container tb_x6te626 tf_w\">\n                        <div class=\"row_inner col_align_top tb_col_count_1 tf_box tf_rel\">\n                        <div  data-lazy=\"1\" class=\"module_column tb-column col-full tb_sxus570 first\">\n                    <!-- module fancy heading -->\n<div  class=\"module module-fancy-heading tb_qz9s567  tb_hide_divider\" data-lazy=\"1\">\n        <h1 class=\"fancy-heading tf_textl\">\n    <span class=\"main-head tf_block\">\n                    Comment utiliser les vid\u00e9os :            <\/span>\n\n    \n    <span class=\"sub-head tf_block tf_rel\">\n                                <\/span>\n    <\/h1>\n<\/div>\n<!-- \/module fancy heading -->\n        <div  data-lazy=\"1\" class=\"module_subrow themify_builder_sub_row tf_w col_align_top tb_col_count_2 tb_yec8080\">\n                <div  data-lazy=\"1\" class=\"module_column sub_column col4-2 tb_eyhd065 first\">\n                    <!-- module text -->\n<div  class=\"module module-text tb_c6ey850   \" data-lazy=\"1\">\n        <div  class=\"tb_text_wrap\">\n        <h6>Pr\u00e9sentation du mat\u00e9riel de l&rsquo;enregistreur de haute tension :<\/h6>    <\/div>\n<\/div>\n<!-- \/module text --><!-- module video -->\n<div  class=\"module module-video tb_gmkm095 video-top  \" data-lazy=\"1\">\n                    <div class=\"video-wrap-outer\">\n            <div class=\"video-wrap tf_rel tf_overflow tf_local_video\">\n                \n                    \n                    <div style=\"width: 640px;\" class=\"wp-video\"><video class=\"wp-video-shortcode\" id=\"video-14076-1\" width=\"640\" height=\"360\" preload=\"metadata\" controls=\"controls\"><source type=\"video\/mp4\" src=\"https:\/\/www.art-logics.com\/wp-content\/uploads\/2026\/04\/High-Voltage-Logger-video-20260401.mp4?_=1\" \/><a href=\"https:\/\/www.art-logics.com\/wp-content\/uploads\/2026\/04\/High-Voltage-Logger-video-20260401.mp4\">https:\/\/www.art-logics.com\/wp-content\/uploads\/2026\/04\/High-Voltage-Logger-video-20260401.mp4<\/a><\/video><\/div>\n                    \n                                <\/div>\n            <!-- \/video-wrap -->\n        <\/div>\n        <!-- \/video-wrap-outer -->\n            <\/div>\n        <\/div>\n                    <div  data-lazy=\"1\" class=\"module_column sub_column col4-2 tb_cnwy055 last\">\n                    <!-- module text -->\n<div  class=\"module module-text tb_62aa607   \" data-lazy=\"1\">\n        <div  class=\"tb_text_wrap\">\n        <h6>Pr\u00e9sentation du logiciel High Voltage Logger :<\/h6>    <\/div>\n<\/div>\n<!-- \/module text --><!-- module video -->\n<div  class=\"module module-video tb_ktg2570 video-top  \" data-lazy=\"1\">\n                    <div class=\"video-wrap-outer\">\n            <div class=\"video-wrap tf_rel tf_overflow tf_local_video\">\n                \n                    \n                    <div style=\"width: 640px;\" class=\"wp-video\"><video class=\"wp-video-shortcode\" id=\"video-14076-2\" width=\"640\" height=\"360\" preload=\"metadata\" controls=\"controls\"><source type=\"video\/mp4\" src=\"https:\/\/www.art-logics.com\/wp-content\/uploads\/2026\/04\/high-voltage-logger-software-video-by-suzanne-20260326.mp4?_=2\" \/><a href=\"https:\/\/www.art-logics.com\/wp-content\/uploads\/2026\/04\/high-voltage-logger-software-video-by-suzanne-20260326.mp4\">https:\/\/www.art-logics.com\/wp-content\/uploads\/2026\/04\/high-voltage-logger-software-video-by-suzanne-20260326.mp4<\/a><\/video><\/div>\n                    \n                                <\/div>\n            <!-- \/video-wrap -->\n        <\/div>\n        <!-- \/video-wrap-outer -->\n            <\/div>\n        <\/div>\n                    <\/div>\n                <\/div>\n                        <\/div>\n        <\/div>\n                        <div  data-lazy=\"1\" class=\"module_row themify_builder_row tb_drb6506 tf_w\">\n                        <div class=\"row_inner col_align_top tb_col_count_1 tf_box tf_rel\">\n                        <div  data-lazy=\"1\" class=\"module_column tb-column col-full tb_u5iu075 first\">\n                            <\/div>\n                        <\/div>\n        <\/div>\n                        <div  data-lazy=\"1\" class=\"module_row themify_builder_row tb_3a7f551 tf_w\">\n            <span  class=\"builder_row_cover tf_abs\" data-lazy=\"1\"><\/span>            <div class=\"row_inner col_align_top tb_col_count_1 tf_box tf_rel\">\n                        <div  data-lazy=\"1\" class=\"module_column tb-column col-full tb_ov28160 first\">\n                    <!-- module text -->\n<div  class=\"module module-text tb_s81o004    wow\" data-tf-animation=\"wobble\" data-lazy=\"1\">\n        <div  class=\"tb_text_wrap\">\n        <h2>Des questions ?<\/h2>    <\/div>\n<\/div>\n<!-- \/module text --><!-- module buttons -->\n<div  class=\"module module-buttons tb_xj4l005 buttons-horizontal outline   squared\" data-lazy=\"1\">\n        <div class=\"module-buttons-item tf_in_flx\">\n                        <a href=\"https:\/\/www.art-logics.com\/contact\/\" class=\"ui builder_button tf_in_flx tb_default_color\" >\n                                                Contactez nous                                        <\/a>\n                <\/div>\n            <\/div>\n<!-- \/module buttons -->\n        <\/div>\n                        <\/div>\n        <\/div>\n        <\/div>\n<!--\/themify_builder_content-->","protected":false},"excerpt":{"rendered":"<p>APPLICATION DE L&rsquo;IA Quelles sont les applications ART Logics AI ? La technologie d&rsquo;enregistrement est essentielle dans de nombreux domaines de l&rsquo;ing\u00e9nierie et de la recherche de pointe o\u00f9 l&rsquo;acquisition de donn\u00e9es pr\u00e9cises, \u00e0 grande vitesse et multiparam\u00e8tres est cruciale. ART Logics a d\u00e9velopp\u00e9 une s\u00e9rie d&rsquo;enregistreurs de pointe con\u00e7us pour capturer les signaux \u00e9lectriques [&hellip;]<\/p>\n","protected":false},"author":2,"featured_media":0,"parent":0,"menu_order":0,"comment_status":"closed","ping_status":"closed","template":"","meta":{"footnotes":""},"class_list":["post-14076","page","type-page","status-publish","hentry","has-post-title","has-post-date","has-post-category","has-post-tag","has-post-comment","has-post-author",""],"yoast_head":"<!-- This site is optimized with the Yoast SEO plugin v27.3 - https:\/\/yoast.com\/product\/yoast-seo-wordpress\/ -->\n<title>CAS D&#039;UTILISATION - Application de l&#039;IA - Art-Logics<\/title>\n<meta name=\"robots\" content=\"index, follow, max-snippet:-1, max-image-preview:large, max-video-preview:-1\" \/>\n<link rel=\"canonical\" href=\"https:\/\/www.art-logics.com\/fr\/cas-dutilisation-copie-de-lapplication-smart-logger\/\" \/>\n<meta property=\"og:locale\" content=\"fr_FR\" \/>\n<meta property=\"og:type\" content=\"article\" \/>\n<meta property=\"og:title\" content=\"CAS D&#039;UTILISATION - Application de l&#039;IA - Art-Logics\" \/>\n<meta property=\"og:description\" content=\"APPLICATION DE L&rsquo;IA Quelles sont les applications ART Logics AI ? La technologie d&rsquo;enregistrement est essentielle dans de nombreux domaines de l&rsquo;ing\u00e9nierie et de la recherche de pointe o\u00f9 l&rsquo;acquisition de donn\u00e9es pr\u00e9cises, \u00e0 grande vitesse et multiparam\u00e8tres est cruciale. ART Logics a d\u00e9velopp\u00e9 une s\u00e9rie d&rsquo;enregistreurs de pointe con\u00e7us pour capturer les signaux \u00e9lectriques [&hellip;]\" \/>\n<meta property=\"og:url\" content=\"https:\/\/www.art-logics.com\/fr\/cas-dutilisation-copie-de-lapplication-smart-logger\/\" \/>\n<meta property=\"og:site_name\" content=\"Art-Logics\" \/>\n<meta property=\"article:modified_time\" content=\"2026-04-03T07:56:24+00:00\" \/>\n<meta property=\"og:image\" content=\"https:\/\/www.art-logics.com\/wp-content\/uploads\/2026\/04\/AI-APPLICATION.png\" \/>\n\t<meta property=\"og:image:width\" content=\"1484\" \/>\n\t<meta property=\"og:image:height\" content=\"988\" \/>\n\t<meta property=\"og:image:type\" content=\"image\/png\" \/>\n<meta name=\"twitter:card\" content=\"summary_large_image\" \/>\n<meta name=\"twitter:label1\" content=\"Dur\u00e9e de lecture estim\u00e9e\" \/>\n\t<meta name=\"twitter:data1\" content=\"1 minute\" \/>\n<script type=\"application\/ld+json\" class=\"yoast-schema-graph\">{\"@context\":\"https:\\\/\\\/schema.org\",\"@graph\":[{\"@type\":\"WebPage\",\"@id\":\"https:\\\/\\\/www.art-logics.com\\\/fr\\\/cas-dutilisation-copie-de-lapplication-smart-logger\\\/\",\"url\":\"https:\\\/\\\/www.art-logics.com\\\/fr\\\/cas-dutilisation-copie-de-lapplication-smart-logger\\\/\",\"name\":\"CAS D'UTILISATION - Application de l'IA - Art-Logics\",\"isPartOf\":{\"@id\":\"https:\\\/\\\/www.art-logics.com\\\/fr\\\/#website\"},\"primaryImageOfPage\":{\"@id\":\"https:\\\/\\\/www.art-logics.com\\\/fr\\\/cas-dutilisation-copie-de-lapplication-smart-logger\\\/#primaryimage\"},\"image\":{\"@id\":\"https:\\\/\\\/www.art-logics.com\\\/fr\\\/cas-dutilisation-copie-de-lapplication-smart-logger\\\/#primaryimage\"},\"thumbnailUrl\":\"https:\\\/\\\/www.art-logics.com\\\/wp-content\\\/uploads\\\/2026\\\/04\\\/AI-APPLICATION-1024x682-569x372.png\",\"datePublished\":\"2026-04-03T06:51:58+00:00\",\"dateModified\":\"2026-04-03T07:56:24+00:00\",\"breadcrumb\":{\"@id\":\"https:\\\/\\\/www.art-logics.com\\\/fr\\\/cas-dutilisation-copie-de-lapplication-smart-logger\\\/#breadcrumb\"},\"inLanguage\":\"fr-FR\",\"potentialAction\":[{\"@type\":\"ReadAction\",\"target\":[\"https:\\\/\\\/www.art-logics.com\\\/fr\\\/cas-dutilisation-copie-de-lapplication-smart-logger\\\/\"]}]},{\"@type\":\"ImageObject\",\"inLanguage\":\"fr-FR\",\"@id\":\"https:\\\/\\\/www.art-logics.com\\\/fr\\\/cas-dutilisation-copie-de-lapplication-smart-logger\\\/#primaryimage\",\"url\":\"https:\\\/\\\/www.art-logics.com\\\/wp-content\\\/uploads\\\/2026\\\/04\\\/AI-APPLICATION-1024x682-569x372.png\",\"contentUrl\":\"https:\\\/\\\/www.art-logics.com\\\/wp-content\\\/uploads\\\/2026\\\/04\\\/AI-APPLICATION-1024x682-569x372.png\"},{\"@type\":\"BreadcrumbList\",\"@id\":\"https:\\\/\\\/www.art-logics.com\\\/fr\\\/cas-dutilisation-copie-de-lapplication-smart-logger\\\/#breadcrumb\",\"itemListElement\":[{\"@type\":\"ListItem\",\"position\":1,\"name\":\"Home\",\"item\":\"https:\\\/\\\/www.art-logics.com\\\/fr\\\/\"},{\"@type\":\"ListItem\",\"position\":2,\"name\":\"CAS D&#8217;UTILISATION &#8211; Application de l&#8217;IA\"}]},{\"@type\":\"WebSite\",\"@id\":\"https:\\\/\\\/www.art-logics.com\\\/fr\\\/#website\",\"url\":\"https:\\\/\\\/www.art-logics.com\\\/fr\\\/\",\"name\":\"Art-Logics\",\"description\":\"Automotive Test Solutions\",\"potentialAction\":[{\"@type\":\"SearchAction\",\"target\":{\"@type\":\"EntryPoint\",\"urlTemplate\":\"https:\\\/\\\/www.art-logics.com\\\/fr\\\/?s={search_term_string}\"},\"query-input\":{\"@type\":\"PropertyValueSpecification\",\"valueRequired\":true,\"valueName\":\"search_term_string\"}}],\"inLanguage\":\"fr-FR\"}]}<\/script>\n<!-- \/ Yoast SEO plugin. -->","yoast_head_json":{"title":"CAS D'UTILISATION - Application de l'IA - Art-Logics","robots":{"index":"index","follow":"follow","max-snippet":"max-snippet:-1","max-image-preview":"max-image-preview:large","max-video-preview":"max-video-preview:-1"},"canonical":"https:\/\/www.art-logics.com\/fr\/cas-dutilisation-copie-de-lapplication-smart-logger\/","og_locale":"fr_FR","og_type":"article","og_title":"CAS D'UTILISATION - Application de l'IA - Art-Logics","og_description":"APPLICATION DE L&rsquo;IA Quelles sont les applications ART Logics AI ? La technologie d&rsquo;enregistrement est essentielle dans de nombreux domaines de l&rsquo;ing\u00e9nierie et de la recherche de pointe o\u00f9 l&rsquo;acquisition de donn\u00e9es pr\u00e9cises, \u00e0 grande vitesse et multiparam\u00e8tres est cruciale. ART Logics a d\u00e9velopp\u00e9 une s\u00e9rie d&rsquo;enregistreurs de pointe con\u00e7us pour capturer les signaux \u00e9lectriques [&hellip;]","og_url":"https:\/\/www.art-logics.com\/fr\/cas-dutilisation-copie-de-lapplication-smart-logger\/","og_site_name":"Art-Logics","article_modified_time":"2026-04-03T07:56:24+00:00","og_image":[{"width":1484,"height":988,"url":"https:\/\/www.art-logics.com\/wp-content\/uploads\/2026\/04\/AI-APPLICATION.png","type":"image\/png"}],"twitter_card":"summary_large_image","twitter_misc":{"Dur\u00e9e de lecture estim\u00e9e":"1 minute"},"schema":{"@context":"https:\/\/schema.org","@graph":[{"@type":"WebPage","@id":"https:\/\/www.art-logics.com\/fr\/cas-dutilisation-copie-de-lapplication-smart-logger\/","url":"https:\/\/www.art-logics.com\/fr\/cas-dutilisation-copie-de-lapplication-smart-logger\/","name":"CAS D'UTILISATION - Application de l'IA - Art-Logics","isPartOf":{"@id":"https:\/\/www.art-logics.com\/fr\/#website"},"primaryImageOfPage":{"@id":"https:\/\/www.art-logics.com\/fr\/cas-dutilisation-copie-de-lapplication-smart-logger\/#primaryimage"},"image":{"@id":"https:\/\/www.art-logics.com\/fr\/cas-dutilisation-copie-de-lapplication-smart-logger\/#primaryimage"},"thumbnailUrl":"https:\/\/www.art-logics.com\/wp-content\/uploads\/2026\/04\/AI-APPLICATION-1024x682-569x372.png","datePublished":"2026-04-03T06:51:58+00:00","dateModified":"2026-04-03T07:56:24+00:00","breadcrumb":{"@id":"https:\/\/www.art-logics.com\/fr\/cas-dutilisation-copie-de-lapplication-smart-logger\/#breadcrumb"},"inLanguage":"fr-FR","potentialAction":[{"@type":"ReadAction","target":["https:\/\/www.art-logics.com\/fr\/cas-dutilisation-copie-de-lapplication-smart-logger\/"]}]},{"@type":"ImageObject","inLanguage":"fr-FR","@id":"https:\/\/www.art-logics.com\/fr\/cas-dutilisation-copie-de-lapplication-smart-logger\/#primaryimage","url":"https:\/\/www.art-logics.com\/wp-content\/uploads\/2026\/04\/AI-APPLICATION-1024x682-569x372.png","contentUrl":"https:\/\/www.art-logics.com\/wp-content\/uploads\/2026\/04\/AI-APPLICATION-1024x682-569x372.png"},{"@type":"BreadcrumbList","@id":"https:\/\/www.art-logics.com\/fr\/cas-dutilisation-copie-de-lapplication-smart-logger\/#breadcrumb","itemListElement":[{"@type":"ListItem","position":1,"name":"Home","item":"https:\/\/www.art-logics.com\/fr\/"},{"@type":"ListItem","position":2,"name":"CAS D&#8217;UTILISATION &#8211; Application de l&#8217;IA"}]},{"@type":"WebSite","@id":"https:\/\/www.art-logics.com\/fr\/#website","url":"https:\/\/www.art-logics.com\/fr\/","name":"Art-Logics","description":"Automotive Test Solutions","potentialAction":[{"@type":"SearchAction","target":{"@type":"EntryPoint","urlTemplate":"https:\/\/www.art-logics.com\/fr\/?s={search_term_string}"},"query-input":{"@type":"PropertyValueSpecification","valueRequired":true,"valueName":"search_term_string"}}],"inLanguage":"fr-FR"}]}},"builder_content":"<h1>APPLICATION DE L'IA<br\/><\/h1>\n<h1>Quelles sont les applications ART Logics AI ?<br\/><\/h1>\n<p> La technologie d'enregistrement est essentielle dans de nombreux domaines de l'ing\u00e9nierie et de la recherche de pointe o\u00f9 l'acquisition de donn\u00e9es pr\u00e9cises, \u00e0 grande vitesse et multiparam\u00e8tres est cruciale. ART Logics a d\u00e9velopp\u00e9 une s\u00e9rie d'enregistreurs de pointe con\u00e7us pour capturer les signaux \u00e9lectriques avec une pr\u00e9cision exceptionnelle dans divers domaines physiques : tension, courant, fr\u00e9quence, \u00e9tat num\u00e9rique et temp\u00e9rature. <\/p> <p>ART Logics propose une gamme compl\u00e8te de solutions d'enregistrement intelligentes pour diverses applications industrielles - de l'automobile \u00e0 l'a\u00e9rospatiale en passant par les syst\u00e8mes de batteries pour v\u00e9hicules \u00e9lectriques et l'\u00e9lectronique \u00e0 grande vitesse. Ces enregistreurs capturent les signaux de tension, de courant, de fr\u00e9quence, num\u00e9riques et de temp\u00e9rature avec une pr\u00e9cision extr\u00eame, une vitesse \u00e9lev\u00e9e et une intelligence embarqu\u00e9e, le tout sans avoir besoin d'un PC connect\u00e9. <\/p>\n<p>Produits soutenant l'application de l'IA :<\/p>\n<em style=\"color:#000000\" ><svg xmlns:xlink=\"http:\/\/www.w3.org\/1999\/xlink\" aria-hidden=\"true\"><use href=\"#tf-far-dot-circle\" xlink:href=\"#tf-far-dot-circle\"><\/use><\/svg><\/em>\n<p><b>Enregistreurs haute tension<\/b><\/p>\n<em style=\"color:#000000\" ><svg xmlns:xlink=\"http:\/\/www.w3.org\/1999\/xlink\" aria-hidden=\"true\"><use href=\"#tf-ti-angle-right\" xlink:href=\"#tf-ti-angle-right\"><\/use><\/svg><\/em>\n<h1>D\u00e9couvrez les articles pr\u00e9sentant nos produits d'application de l'IA :<br\/><\/h1>\n<img src=\"https:\/\/www.art-logics.com\/wp-content\/uploads\/2026\/04\/AI-APPLICATION-1024x682-569x372.png\" width=\"569\" height=\"372\" title=\"AI APPLICATION\" alt=\"AI APPLICATION\">\n<h4>Technologie d'application de l'IA par ART Logics<\/h4> <p style=\"text-align: left;\"> <\/p>\n<h1>Comment utiliser les vid\u00e9os :<br\/><\/h1>\n<h6>Pr\u00e9sentation du mat\u00e9riel de l'enregistreur de haute tension :<\/h6>\n[video src=\"https:\/\/www.art-logics.com\/wp-content\/uploads\/2026\/04\/High-Voltage-Logger-video-20260401.mp4\" width=\"2048\" height=\"1536\"][\/video]\n<h6>Pr\u00e9sentation du logiciel High Voltage Logger :<\/h6>\n[video src=\"https:\/\/www.art-logics.com\/wp-content\/uploads\/2026\/04\/high-voltage-logger-software-video-by-suzanne-20260326.mp4\" width=\"1920\" height=\"1080\"][\/video]\n<h2>Des questions ?<\/h2>\n<a href=\"https:\/\/www.art-logics.com\/contact\/\" > Contactez nous <\/a>","_links":{"self":[{"href":"https:\/\/www.art-logics.com\/fr\/wp-json\/wp\/v2\/pages\/14076","targetHints":{"allow":["GET"]}}],"collection":[{"href":"https:\/\/www.art-logics.com\/fr\/wp-json\/wp\/v2\/pages"}],"about":[{"href":"https:\/\/www.art-logics.com\/fr\/wp-json\/wp\/v2\/types\/page"}],"author":[{"embeddable":true,"href":"https:\/\/www.art-logics.com\/fr\/wp-json\/wp\/v2\/users\/2"}],"replies":[{"embeddable":true,"href":"https:\/\/www.art-logics.com\/fr\/wp-json\/wp\/v2\/comments?post=14076"}],"version-history":[{"count":19,"href":"https:\/\/www.art-logics.com\/fr\/wp-json\/wp\/v2\/pages\/14076\/revisions"}],"predecessor-version":[{"id":14164,"href":"https:\/\/www.art-logics.com\/fr\/wp-json\/wp\/v2\/pages\/14076\/revisions\/14164"}],"wp:attachment":[{"href":"https:\/\/www.art-logics.com\/fr\/wp-json\/wp\/v2\/media?parent=14076"}],"curies":[{"name":"wp","href":"https:\/\/api.w.org\/{rel}","templated":true}]}}