{"id":2872,"date":"2016-08-03T12:52:55","date_gmt":"2016-08-03T04:52:55","guid":{"rendered":"https:\/\/www.art-logics.com\/contact\/"},"modified":"2024-12-15T23:25:23","modified_gmt":"2024-12-15T15:25:23","slug":"contact","status":"publish","type":"page","link":"https:\/\/www.art-logics.com\/fr\/contact\/","title":{"rendered":"Contact"},"content":{"rendered":"<!--themify_builder_content-->\n<div id=\"themify_builder_content-2872\" data-postid=\"2872\" class=\"themify_builder_content themify_builder_content-2872 themify_builder tf_clear\">\n                    <div  data-lazy=\"1\" class=\"module_row themify_builder_row tb_20o7665 tb_first tf_w\">\n            <span  class=\"builder_row_cover tf_abs\" data-lazy=\"1\"><\/span>            <div class=\"row_inner col_align_top tb_col_count_1 tf_box tf_rel\">\n                        <div  data-lazy=\"1\" class=\"module_column tb-column col-full tb_4dhx676 first\">\n                    <!-- module text -->\n<div  class=\"module module-text tb_bftm680   \" data-lazy=\"1\">\n        <div  class=\"tb_text_wrap\">\n        <h1>CONTACTEZ-NOUS<\/h1>    <\/div>\n<\/div>\n<!-- \/module text -->        <\/div>\n                        <\/div>\n        <\/div>\n                        <div  data-lazy=\"1\" class=\"module_row themify_builder_row tb_ds4w666 tf_w\">\n                        <div class=\"row_inner col_align_top tb_col_count_3 tf_box tf_rel\">\n                        <div  data-lazy=\"1\" class=\"module_column tb-column col3-1 tb_cehw684 first\">\n                    <!-- module icon -->\n<div  class=\"module module-icon tb_maiy684  xlarge none icon_horizontal \" data-lazy=\"1\">\n\t\t\t<div class=\"module-icon-item\">\n\t\t\t\t\t\t\t\t\t\t\t\t\t\t\t\t<em class=\"tf_box\"\n\t\t\t\t\t\t\t\t\t\t\t\t\t\t\t\t\t><svg  class=\"tf_fa tf-far-map-marker\" xmlns:xlink=\"http:\/\/www.w3.org\/1999\/xlink\" aria-hidden=\"true\"><use href=\"#tf-far-map-marker\" xlink:href=\"#tf-far-map-marker\"><\/use><\/svg><\/em>\n\t\t\t\t\t\t\t\t\t\t\t\t\t\t<\/div>\n\t<\/div>\n<!-- \/module icon -->\n<!-- module text -->\n<div  class=\"module module-text tb_0c6h685   \" data-lazy=\"1\">\n        <div  class=\"tb_text_wrap\">\n        <div>\n<div class=\"DF_utQ _0xkaeQ\">\n<div class=\"aF9o6Q _0yZ6Qg\">\n<div class=\"AdBbhQ hGbcYA rLWGlw _7rUwsA\" lang=\"en\">\n<p class=\"cgHgbA pYZEjA Xp24Nw PanoWQ\"><span class=\"OYPEnA\">Contactez Nous<\/span><\/p>\n<\/div>\n<\/div>\n<\/div>\n<\/div>\n<div>\n<div class=\"DF_utQ _0xkaeQ\">\n<div class=\"aF9o6Q _0yZ6Qg\">\n<div class=\"AdBbhQ hGbcYA _7rUwsA\" lang=\"en\">\n<p><b>\u00a0<\/b><\/p>\n<p><strong>FRANCE<\/strong><\/p>\n<p>15 Avenue de Vizile, 38000 <strong>Grenoble<\/strong><\/p>\n<p>T. +33 6 12 29 60 03\u00a0<\/p>\n<p><b>\u00a0<\/b><\/p>\n<p><b>CHINE<\/b><\/p>\n<p>Room 105, Block A, Building No. 258,<\/p>\n<p><span class=\"OYPEnA\">Chengjiaqiao Road,<\/span><\/p>\n<p><span class=\"OYPEnA\">Minhang District,\u00a0<strong>Shanghai<\/strong><\/span><\/p>\n<p><span class=\"OYPEnA\">\u00a0&#8212;&#8212;&#8212;-<\/span><\/p>\n<p><span class=\"OYPEnA\">Room 1811-1, Building 1, <\/span><span class=\"OYPEnA\">No.8, Zhujiawan Road,<\/span><\/p>\n<p><span class=\"OYPEnA\">Gusu District,\u00a0<strong>Suzhou<\/strong><\/span><\/p>\n<p>T. +86 153 0166 1691<\/p>\n<p>\u00a0<\/p>\n<\/div>\n<\/div>\n<\/div>\n<\/div>    <\/div>\n<\/div>\n<!-- \/module text -->        <\/div>\n                    <div  data-lazy=\"1\" class=\"module_column tb-column col3-1 tb_1zu0685\">\n                    <!-- module icon -->\n<div  class=\"module module-icon tb_c4i9685  xlarge none icon_horizontal \" data-lazy=\"1\">\n\t\t\t<div class=\"module-icon-item\">\n\t\t\t\t\t\t\t\t\t\t\t\t\t\t\t\t<em class=\"tf_box\"\n\t\t\t\t\t\t\t\t\t\t\t\t\t\t\t\t\t><svg  class=\"tf_fa tf-fas-mobile\" xmlns:xlink=\"http:\/\/www.w3.org\/1999\/xlink\" aria-hidden=\"true\"><use href=\"#tf-fas-mobile\" xlink:href=\"#tf-fas-mobile\"><\/use><\/svg><\/em>\n\t\t\t\t\t\t\t\t\t\t\t\t\t\t<\/div>\n\t<\/div>\n<!-- \/module icon -->\n<!-- module text -->\n<div  class=\"module module-text tb_ho83686   \" data-lazy=\"1\">\n        <div  class=\"tb_text_wrap\">\n        <p>Num\u00e9ro de T\u00e9l\u00e9phone<\/p><p><br><\/p><p>FRANCE:&nbsp;<span style=\"font-size: 1em;\">+33 6 12 29 60 03&nbsp;<\/span><\/p><p>CHINE: +86 153-0166-1691<\/p>    <\/div>\n<\/div>\n<!-- \/module text -->        <\/div>\n                    <div  data-lazy=\"1\" class=\"module_column tb-column col3-1 tb_rtnd686 last\">\n                    <!-- module icon -->\n<div  class=\"module module-icon tb_pwlf686  xlarge none icon_horizontal \" data-lazy=\"1\">\n\t\t\t<div class=\"module-icon-item\">\n\t\t\t\t\t\t\t\t\t\t\t\t\t\t\t\t<em class=\"tf_box\"\n\t\t\t\t\t\t\t\t\t\t\t\t\t\t\t\t\t><svg  class=\"tf_fa tf-far-user\" xmlns:xlink=\"http:\/\/www.w3.org\/1999\/xlink\" aria-hidden=\"true\"><use href=\"#tf-far-user\" xlink:href=\"#tf-far-user\"><\/use><\/svg><\/em>\n\t\t\t\t\t\t\t\t\t\t\t\t\t\t<\/div>\n\t<\/div>\n<!-- \/module icon -->\n<!-- module text -->\n<div  class=\"module module-text tb_5zc9687   \" data-lazy=\"1\">\n        <div  class=\"tb_text_wrap\">\n        <p>E-mail<\/p><p><br><\/p><p>Sales@art-logics.com<\/p>    <\/div>\n<\/div>\n<!-- \/module text -->        <\/div>\n                        <\/div>\n        <\/div>\n                        <div  data-lazy=\"1\" class=\"module_row themify_builder_row tb_c29x667 tf_w\">\n                        <div class=\"row_inner col_align_top tb_col_count_1 tf_box tf_rel\">\n                        <div  data-lazy=\"1\" class=\"module_column tb-column col-full tb_5j9j687 first\">\n                    <!-- module text -->\n<div  class=\"module module-text tb_45mm688   \" data-lazy=\"1\">\n        <div  class=\"tb_text_wrap\">\n        <h1><span style=\"background-color: initial;font-size: 1em\">\u00c9crivez-nous<\/span><\/h1>    <\/div>\n<\/div>\n<!-- \/module text --><!-- module contact -->\n<div  id=\"tb_rcsc688\" class=\"module module-contact tb_rcsc688 contact-style1 \" data-lazy=\"1\">\n    \n\t<form class=\"builder-contact\"\n\t\tid=\"tb_rcsc688-form\"\n\t\tmethod=\"post\"\n\t\tdata-post-id=\"2872\"\n\t\tdata-element-id=\"rcsc688\"\n\t\tdata-orig-id=\"2872\"\n\t>\n    <div class=\"contact-message\"><\/div>\n\t<input type=\"hidden\" id=\"bc_nonce\" name=\"bc_nonce\" value=\"5b0f2172da\" \/><input type=\"hidden\" name=\"_wp_http_referer\" value=\"\/fr\/wp-json\/wp\/v2\/pages\/2872\" \/>\t<div class=\"builder-contact-fields tf_rel\">\n\t\t    \t\t    <div class=\"builder-contact-field builder-contact-field-name builder-contact-text-field\">\n\t\t\t    <label class=\"control-label\" for=\"tb_rcsc688-contact-name\">\n\t\t\t\t\t\t\t\t\t\t<span class=\"tb-label-span\">Name <\/span>\t\t\t\t<\/label>\n\t\t\t    <div class=\"control-input tf_rel\">\n\t\t\t\t    \t\t\t\t\t    <input type=\"text\" name=\"contact-name\" placeholder=\"\" id=\"tb_rcsc688-contact-name\" value=\"\" class=\"form-control\" >\n\t\t\t\t    \t\t\t\t    \t\t\t    <\/div>\n\t\t<\/div>\n\t    \n\t\t    \t\t    <div class=\"builder-contact-field builder-contact-field-email builder-contact-text-field\">\n\t\t\t    <label class=\"control-label\" for=\"tb_rcsc688-contact-email\">\n\t\t\t\t\t\t\t\t\t\t<span class=\"tb-label-span\">Email <\/span>\t\t\t\t<\/label>\n\t\t\t    <div class=\"control-input tf_rel\">\n\t\t\t\t    \t\t\t\t\t    <input type=\"email\" name=\"contact-email\" placeholder=\"\" id=\"tb_rcsc688-contact-email\" value=\"\" class=\"form-control\" >\n\t\t\t\t    \t\t\t\t    \t\t\t    <\/div>\n\t\t<\/div>\n\t    \n\t\t    \t\t    <div class=\"builder-contact-field builder-contact-field-subject builder-contact-text-field\">\n\t\t\t    <label class=\"control-label\" for=\"tb_rcsc688-contact-subject\">\n\t\t\t\t\t\t\t\t\t\t<span class=\"tb-label-span\">Subject <\/span>\t\t\t\t<\/label>\n\t\t\t    <div class=\"control-input tf_rel\">\n\t\t\t\t    \t\t\t\t\t    <input type=\"text\" name=\"contact-subject\" placeholder=\"\" id=\"tb_rcsc688-contact-subject\" value=\"\" class=\"form-control\" >\n\t\t\t\t    \t\t\t\t    \t\t\t    <\/div>\n\t\t<\/div>\n\t    \n\t\t    \t\t    <div class=\"builder-contact-field builder-contact-field-message builder-contact-textarea-field\">\n\t\t\t    <label class=\"control-label\" for=\"tb_rcsc688-contact-message\">\n\t\t\t\t\t\t\t\t\t\t<span class=\"tb-label-span\">Message <\/span>\t\t\t\t<\/label>\n\t\t\t    <div class=\"control-input tf_rel\">\n\t\t\t\t    \t\t\t\t\t    <textarea name=\"contact-message\" placeholder=\"\" id=\"tb_rcsc688-contact-message\" class=\"form-control\"><\/textarea>\n\t\t\t\t    \t\t\t\t    \t\t\t    <\/div>\n\t\t<\/div>\n\t    \n\t\t    \t\t<div class=\"builder-contact-field builder-contact-field-sendcopy\">\n\t\t    <div class=\"control-label\">\n\t\t\t\t<div class=\"control-input tf_rel\">\n\t\t\t\t\t<label class=\"send-copy\">\n\t\t\t\t\t\t<input type=\"checkbox\" name=\"contact-sendcopy\" id=\"tb_rcsc688-sendcopy\" value=\"1\">\n\t\t\t\t\t\t<span>Send a copy to myself<\/span>\n\t\t\t\t\t<\/label>\n\t\t\t\t<\/div>\n\t\t    <\/div>\n\t\t<\/div>\n\t    \t\t\n\t\t\t\t\t<div class=\"builder-contact-field builder-contact-field-gdpr\">\n\t\t\t\t<div class=\"control-label\">\n\t\t\t\t\t<div class=\"control-input tf_rel\">\n\t\t\t\t\t\t<label class=\"field-gdpr\">\n\t\t\t\t\t\t\t<input type=\"checkbox\" name=\"gdpr\" value=\"1\" required>\n\t\t\t\t\t\t\t<span>I consent to my submitted data being collected and stored<\/span>\n\t\t\t\t\t\t\t<span class=\"required\">*<\/span>\n\t\t\t\t\t\t<\/label>\n\t\t\t\t\t<\/div>\n\t\t\t\t<\/div>\n\t\t\t<\/div>\n\t\t\n\t    \n\t    <div class=\"builder-contact-field builder-contact-field-send control-input tf_textl tf_clear tf_rel\">\n\t\t\t<button type=\"submit\" class=\"btn btn-primary\">\n\t\t\t\t<span class=\"tf_loader\"><\/span>\t\t\t\t<span class=\"tf_submit_icon\"><\/span> \n\t\t\t\tSend\t\t\t<\/button>\n\t    <\/div>\n\t<\/div>\n    <\/form>\n    <\/div>\n<!-- \/module contact -->\n        <\/div>\n                        <\/div>\n        <\/div>\n        <\/div>\n<!--\/themify_builder_content-->","protected":false},"excerpt":{"rendered":"<p>CONTACTEZ-NOUS Contactez Nous \u00a0 FRANCE 15 Avenue de Vizile, 38000 Grenoble T. +33 6 12 29 60 03\u00a0 \u00a0 CHINE Room 105, Block A, Building No. 258, Chengjiaqiao Road, Minhang District,\u00a0Shanghai \u00a0&#8212;&#8212;&#8212;- Room 1811-1, Building 1, No.8, Zhujiawan Road, Gusu District,\u00a0Suzhou T. +86 153 0166 1691 \u00a0 Num\u00e9ro de T\u00e9l\u00e9phone FRANCE:&nbsp;+33 6 12 29 60 [&hellip;]<\/p>\n","protected":false},"author":1,"featured_media":0,"parent":0,"menu_order":0,"comment_status":"closed","ping_status":"closed","template":"","meta":{"footnotes":""},"class_list":["post-2872","page","type-page","status-publish","hentry","has-post-title","has-post-date","has-post-category","has-post-tag","has-post-comment","has-post-author",""],"yoast_head":"<!-- This site is optimized with the Yoast SEO plugin v27.5 - https:\/\/yoast.com\/product\/yoast-seo-wordpress\/ -->\n<title>Contact - Art-Logics<\/title>\n<meta name=\"robots\" content=\"index, follow, max-snippet:-1, max-image-preview:large, max-video-preview:-1\" \/>\n<link rel=\"canonical\" href=\"https:\/\/www.art-logics.com\/fr\/contact\/\" \/>\n<meta property=\"og:locale\" content=\"fr_FR\" \/>\n<meta property=\"og:type\" content=\"article\" \/>\n<meta property=\"og:title\" content=\"Contact - Art-Logics\" \/>\n<meta property=\"og:description\" content=\"CONTACTEZ-NOUS Contactez Nous \u00a0 FRANCE 15 Avenue de Vizile, 38000 Grenoble T. +33 6 12 29 60 03\u00a0 \u00a0 CHINE Room 105, Block A, Building No. 258, Chengjiaqiao Road, Minhang District,\u00a0Shanghai \u00a0&#8212;&#8212;&#8212;- Room 1811-1, Building 1, No.8, Zhujiawan Road, Gusu District,\u00a0Suzhou T. +86 153 0166 1691 \u00a0 Num\u00e9ro de T\u00e9l\u00e9phone FRANCE:&nbsp;+33 6 12 29 60 [&hellip;]\" \/>\n<meta property=\"og:url\" content=\"https:\/\/www.art-logics.com\/fr\/contact\/\" \/>\n<meta property=\"og:site_name\" content=\"Art-Logics\" \/>\n<meta property=\"article:modified_time\" content=\"2024-12-15T15:25:23+00:00\" \/>\n<meta name=\"twitter:card\" content=\"summary_large_image\" \/>\n<script type=\"application\/ld+json\" class=\"yoast-schema-graph\">{\"@context\":\"https:\\\/\\\/schema.org\",\"@graph\":[{\"@type\":\"WebPage\",\"@id\":\"https:\\\/\\\/www.art-logics.com\\\/fr\\\/contact\\\/\",\"url\":\"https:\\\/\\\/www.art-logics.com\\\/fr\\\/contact\\\/\",\"name\":\"Contact - Art-Logics\",\"isPartOf\":{\"@id\":\"https:\\\/\\\/www.art-logics.com\\\/fr\\\/#website\"},\"datePublished\":\"2016-08-03T04:52:55+00:00\",\"dateModified\":\"2024-12-15T15:25:23+00:00\",\"breadcrumb\":{\"@id\":\"https:\\\/\\\/www.art-logics.com\\\/fr\\\/contact\\\/#breadcrumb\"},\"inLanguage\":\"fr-FR\",\"potentialAction\":[{\"@type\":\"ReadAction\",\"target\":[\"https:\\\/\\\/www.art-logics.com\\\/fr\\\/contact\\\/\"]}]},{\"@type\":\"BreadcrumbList\",\"@id\":\"https:\\\/\\\/www.art-logics.com\\\/fr\\\/contact\\\/#breadcrumb\",\"itemListElement\":[{\"@type\":\"ListItem\",\"position\":1,\"name\":\"Home\",\"item\":\"https:\\\/\\\/www.art-logics.com\\\/fr\\\/\"},{\"@type\":\"ListItem\",\"position\":2,\"name\":\"Contact\"}]},{\"@type\":\"WebSite\",\"@id\":\"https:\\\/\\\/www.art-logics.com\\\/fr\\\/#website\",\"url\":\"https:\\\/\\\/www.art-logics.com\\\/fr\\\/\",\"name\":\"Art-Logics\",\"description\":\"Automotive Test Solutions\",\"potentialAction\":[{\"@type\":\"SearchAction\",\"target\":{\"@type\":\"EntryPoint\",\"urlTemplate\":\"https:\\\/\\\/www.art-logics.com\\\/fr\\\/?s={search_term_string}\"},\"query-input\":{\"@type\":\"PropertyValueSpecification\",\"valueRequired\":true,\"valueName\":\"search_term_string\"}}],\"inLanguage\":\"fr-FR\"}]}<\/script>\n<!-- \/ Yoast SEO plugin. -->","yoast_head_json":{"title":"Contact - Art-Logics","robots":{"index":"index","follow":"follow","max-snippet":"max-snippet:-1","max-image-preview":"max-image-preview:large","max-video-preview":"max-video-preview:-1"},"canonical":"https:\/\/www.art-logics.com\/fr\/contact\/","og_locale":"fr_FR","og_type":"article","og_title":"Contact - Art-Logics","og_description":"CONTACTEZ-NOUS Contactez Nous \u00a0 FRANCE 15 Avenue de Vizile, 38000 Grenoble T. +33 6 12 29 60 03\u00a0 \u00a0 CHINE Room 105, Block A, Building No. 258, Chengjiaqiao Road, Minhang District,\u00a0Shanghai \u00a0&#8212;&#8212;&#8212;- Room 1811-1, Building 1, No.8, Zhujiawan Road, Gusu District,\u00a0Suzhou T. +86 153 0166 1691 \u00a0 Num\u00e9ro de T\u00e9l\u00e9phone FRANCE:&nbsp;+33 6 12 29 60 [&hellip;]","og_url":"https:\/\/www.art-logics.com\/fr\/contact\/","og_site_name":"Art-Logics","article_modified_time":"2024-12-15T15:25:23+00:00","twitter_card":"summary_large_image","schema":{"@context":"https:\/\/schema.org","@graph":[{"@type":"WebPage","@id":"https:\/\/www.art-logics.com\/fr\/contact\/","url":"https:\/\/www.art-logics.com\/fr\/contact\/","name":"Contact - Art-Logics","isPartOf":{"@id":"https:\/\/www.art-logics.com\/fr\/#website"},"datePublished":"2016-08-03T04:52:55+00:00","dateModified":"2024-12-15T15:25:23+00:00","breadcrumb":{"@id":"https:\/\/www.art-logics.com\/fr\/contact\/#breadcrumb"},"inLanguage":"fr-FR","potentialAction":[{"@type":"ReadAction","target":["https:\/\/www.art-logics.com\/fr\/contact\/"]}]},{"@type":"BreadcrumbList","@id":"https:\/\/www.art-logics.com\/fr\/contact\/#breadcrumb","itemListElement":[{"@type":"ListItem","position":1,"name":"Home","item":"https:\/\/www.art-logics.com\/fr\/"},{"@type":"ListItem","position":2,"name":"Contact"}]},{"@type":"WebSite","@id":"https:\/\/www.art-logics.com\/fr\/#website","url":"https:\/\/www.art-logics.com\/fr\/","name":"Art-Logics","description":"Automotive Test Solutions","potentialAction":[{"@type":"SearchAction","target":{"@type":"EntryPoint","urlTemplate":"https:\/\/www.art-logics.com\/fr\/?s={search_term_string}"},"query-input":{"@type":"PropertyValueSpecification","valueRequired":true,"valueName":"search_term_string"}}],"inLanguage":"fr-FR"}]}},"builder_content":"<h1>CONTACTEZ-NOUS<\/h1>\n<em ><svg xmlns:xlink=\"http:\/\/www.w3.org\/1999\/xlink\" aria-hidden=\"true\"><use href=\"#tf-far-map-marker\" xlink:href=\"#tf-far-map-marker\"><\/use><\/svg><\/em>\n<p>Contactez Nous<\/p>\n<p><b>\u00a0<\/b><\/p> <p><strong>FRANCE<\/strong><\/p> <p>15 Avenue de Vizile, 38000 <strong>Grenoble<\/strong><\/p> <p>T. +33 6 12 29 60 03\u00a0<\/p> <p><b>\u00a0<\/b><\/p> <p><b>CHINE<\/b><\/p> <p>Room 105, Block A, Building No. 258,<\/p> <p>Chengjiaqiao Road,<\/p> <p>Minhang District,\u00a0<strong>Shanghai<\/strong><\/p> <p>\u00a0----------<\/p> <p>Room 1811-1, Building 1, No.8, Zhujiawan Road,<\/p> <p>Gusu District,\u00a0<strong>Suzhou<\/strong><\/p> <p>T. +86 153 0166 1691<\/p> <p>\u00a0<\/p>\n<em ><svg xmlns:xlink=\"http:\/\/www.w3.org\/1999\/xlink\" aria-hidden=\"true\"><use href=\"#tf-fas-mobile\" xlink:href=\"#tf-fas-mobile\"><\/use><\/svg><\/em>\n<p>Num\u00e9ro de T\u00e9l\u00e9phone<\/p><p><br><\/p><p>FRANCE:&nbsp;+33 6 12 29 60 03&nbsp;<\/p><p>CHINE: +86 153-0166-1691<\/p>\n<em ><svg xmlns:xlink=\"http:\/\/www.w3.org\/1999\/xlink\" aria-hidden=\"true\"><use href=\"#tf-far-user\" xlink:href=\"#tf-far-user\"><\/use><\/svg><\/em>\n<p>E-mail<\/p><p><br><\/p><p>Sales@art-logics.com<\/p>\n<h1>\u00c9crivez-nous<\/h1>\n<form id=\"tb_rcsc688-form\" method=\"post\" data-post-id=\"0\" data-element-id=\"rcsc688\" data-orig-id=\"2872\" > <input type=\"hidden\" id=\"bc_nonce\" name=\"bc_nonce\" value=\"5b0f2172da\" \/><input type=\"hidden\" name=\"_wp_http_referer\" value=\"\/fr\/wp-json\/wp\/v2\/pages\/2872\" \/> <label for=\"tb_rcsc688-contact-name\"> Name <\/label> <input type=\"text\" name=\"contact-name\" placeholder=\"\" id=\"tb_rcsc688-contact-name\" value=\"\" > <label for=\"tb_rcsc688-contact-email\"> Email <\/label> <input type=\"email\" name=\"contact-email\" placeholder=\"\" id=\"tb_rcsc688-contact-email\" value=\"\" > <label for=\"tb_rcsc688-contact-subject\"> Subject <\/label> <input type=\"text\" name=\"contact-subject\" placeholder=\"\" id=\"tb_rcsc688-contact-subject\" value=\"\" > <label for=\"tb_rcsc688-contact-message\"> Message <\/label> <textarea name=\"contact-message\" placeholder=\"\" id=\"tb_rcsc688-contact-message\"><\/textarea> <label> <input type=\"checkbox\" name=\"contact-sendcopy\" id=\"tb_rcsc688-sendcopy\" value=\"1\"> Send a copy to myself <\/label> <label> <input type=\"checkbox\" name=\"gdpr\" value=\"1\" required> I consent to my submitted data being collected and stored * <\/label> <button type=\"submit\"> Send <\/button> <\/form>","_links":{"self":[{"href":"https:\/\/www.art-logics.com\/fr\/wp-json\/wp\/v2\/pages\/2872","targetHints":{"allow":["GET"]}}],"collection":[{"href":"https:\/\/www.art-logics.com\/fr\/wp-json\/wp\/v2\/pages"}],"about":[{"href":"https:\/\/www.art-logics.com\/fr\/wp-json\/wp\/v2\/types\/page"}],"author":[{"embeddable":true,"href":"https:\/\/www.art-logics.com\/fr\/wp-json\/wp\/v2\/users\/1"}],"replies":[{"embeddable":true,"href":"https:\/\/www.art-logics.com\/fr\/wp-json\/wp\/v2\/comments?post=2872"}],"version-history":[{"count":25,"href":"https:\/\/www.art-logics.com\/fr\/wp-json\/wp\/v2\/pages\/2872\/revisions"}],"predecessor-version":[{"id":5085,"href":"https:\/\/www.art-logics.com\/fr\/wp-json\/wp\/v2\/pages\/2872\/revisions\/5085"}],"wp:attachment":[{"href":"https:\/\/www.art-logics.com\/fr\/wp-json\/wp\/v2\/media?parent=2872"}],"curies":[{"name":"wp","href":"https:\/\/api.w.org\/{rel}","templated":true}]}}