{"id":3003,"date":"2023-12-13T20:49:35","date_gmt":"2023-12-13T12:49:35","guid":{"rendered":"https:\/\/www.art-logics.com\/tcu-100-plus\/"},"modified":"2024-11-21T01:53:14","modified_gmt":"2024-11-20T17:53:14","slug":"tcu-100-plus","status":"publish","type":"page","link":"https:\/\/www.art-logics.com\/fr\/tcu-100-plus\/","title":{"rendered":"TCU 100 Plus"},"content":{"rendered":"<!--themify_builder_content-->\n<div id=\"themify_builder_content-3003\" data-postid=\"3003\" class=\"themify_builder_content themify_builder_content-3003 themify_builder tf_clear\">\n                    <div  data-css_id=\"j74z218\" data-lazy=\"1\" class=\"module_row themify_builder_row fullwidth_row_container tb_j74z218 tb_first tf_w hide-tablet hide-mobile\">\n                        <div class=\"row_inner col_align_top tb_col_count_1 tf_box tf_rel\">\n                        <div  data-lazy=\"1\" class=\"module_column tb-column col-full tb_5f63218 first\">\n                            <div  data-lazy=\"1\" class=\"module_subrow themify_builder_sub_row tf_w col_align_top tb_col_count_2 tb_0wm8218\">\n                <div  data-lazy=\"1\" class=\"module_column sub_column tb_c5vx218 first\">\n                    <!-- module text -->\n<div  class=\"module module-text tb_fjee218   \" data-lazy=\"1\">\n        <div  class=\"tb_text_wrap\">\n        <h1>TCU 100+<\/h1>\n<h2><strong style=\"color: rgb(201, 45, 50);\">Unit\u00e9 de contr\u00f4le des essais<\/strong><\/h2>    <\/div>\n<\/div>\n<!-- \/module text --><!-- module image -->\n<div  class=\"module module-image tb_3b8r218 image-top   tf_mw wow\" data-tf-animation=\"bounceInLeft\" data-tf-animation_delay=\"1\" data-lazy=\"1\">\n        <div class=\"image-wrap tf_rel tf_mw\">\n            <img loading=\"lazy\" decoding=\"async\" src=\"https:\/\/www.art-logics.com\/wp-content\/uploads\/2023\/12\/TCU100-FB-min-1024x647-565x357.png\" width=\"565\" height=\"357\" class=\"wp-post-image wp-image-2808\" title=\"TCU100+ F&amp;B-min\" alt=\"TCU100+ F&amp;B-min\" srcset=\"https:\/\/www.art-logics.com\/wp-content\/uploads\/2023\/12\/TCU100-FB-min-1024x647-565x357.png 565w, https:\/\/www.art-logics.com\/wp-content\/uploads\/2023\/12\/TCU100-FB-min-300x190.png 300w, https:\/\/www.art-logics.com\/wp-content\/uploads\/2023\/12\/TCU100-FB-min-1024x647.png 1024w, https:\/\/www.art-logics.com\/wp-content\/uploads\/2023\/12\/TCU100-FB-min-768x485.png 768w, https:\/\/www.art-logics.com\/wp-content\/uploads\/2023\/12\/TCU100-FB-min-1024x647-400x252.png 400w, https:\/\/www.art-logics.com\/wp-content\/uploads\/2023\/12\/TCU100-FB-min.png 1397w\" sizes=\"auto, (max-width: 565px) 100vw, 565px\" \/>    \n        <\/div>\n    <!-- \/image-wrap -->\n    \n        <\/div>\n<!-- \/module image -->        <\/div>\n                    <div  data-lazy=\"1\" class=\"module_column sub_column tb_0vto218 last\">\n                    <!-- module fancy heading -->\n<div  class=\"module module-fancy-heading tb_te84218 \" data-lazy=\"1\">\n        <h3 class=\"fancy-heading tf_textl\">\n    <span class=\"main-head tf_block\">\n                    Sp\u00e9cifications            <\/span>\n\n    \n    <span class=\"sub-head tf_block tf_rel\">\n                                <\/span>\n    <\/h3>\n<\/div>\n<!-- \/module fancy heading -->\n<!-- module text -->\n<div  class=\"module module-text tb_lnga701   \" data-lazy=\"1\">\n        <div  class=\"tb_text_wrap\">\n        <ul>\n<li><span style=\"background-color: initial; font-size: 1em;\">Offre une large&nbsp;  gamme&nbsp;  Plus de 100&nbsp;  des ressources :&nbsp;  Relais DPDT,&nbsp;  SPDT&nbsp;  Relais,&nbsp;  Voltm\u00e8tres,&nbsp;  Amp\u00e8rem\u00e8tres, num\u00e9riques&nbsp;  OI,&nbsp;  Fr\u00e9quence&nbsp;  OI,&nbsp;  Arbitraire&nbsp;  G\u00e9n\u00e9rateurs de tension,&nbsp;  CANFD,&nbsp; Ethernet,&nbsp; LIN&nbsp; et&nbsp; KLINE.<\/span><br><\/li><li><span style=\"white-space: normal;\">S\u00e9quenceur et contr\u00f4leur de commandes en temps r\u00e9el.<\/span><\/li><li><span style=\"background-color: initial; font-size: 1em;\">Ethernet&nbsp; TCP,&nbsp; USB-C&nbsp; et&nbsp; Interfaces de communication RS-232\/RS422.<\/span><br><\/li><li>Carte SD int\u00e9gr\u00e9e pour stocker les configurations et les acquisitions de donn\u00e9es.<\/li><li>API C# et LabVIEW pr\u00eates \u00e0 l&#8217;emploi.<\/li><li>Taux d&rsquo;\u00e9chantillonnage : 100khz<\/li>\n<\/ul>    <\/div>\n<\/div>\n<!-- \/module text -->        <\/div>\n                    <\/div>\n                <\/div>\n                        <\/div>\n        <\/div>\n                        <div  data-css_id=\"9if754\" data-lazy=\"1\" class=\"module_row themify_builder_row fullwidth_row_container tb_9if754 tf_w hide-desktop hide-tablet_landscape\">\n                        <div class=\"row_inner col_align_top tb_col_count_1 tf_box tf_rel\">\n                        <div  data-lazy=\"1\" class=\"module_column tb-column col-full tb_d65954 first\">\n                            <div  data-lazy=\"1\" class=\"module_subrow themify_builder_sub_row tf_w col_align_top tb_col_count_1 tb_1z1b54\">\n                <div  data-lazy=\"1\" class=\"module_column sub_column col-full tb_fbww54 first\">\n                    <!-- module text -->\n<div  class=\"module module-text tb_3iyn54    wow\" data-tf-animation=\"bounceInUp\" data-lazy=\"1\">\n        <div  class=\"tb_text_wrap\">\n        <h1 style=\"text-align: center;\"><span style=\"font-family: 'Abril Fatface';\">TCU 100+<\/span><\/h1>\n<h3 style=\"text-align: center;\"><strong style=\"color: #c92d32;\">Unit\u00e9 de contr\u00f4le des essais<\/strong><\/h3>    <\/div>\n<\/div>\n<!-- \/module text --><!-- module image -->\n<div  class=\"module module-image tb_2tmh54 image-center   tf_mw wow\" data-tf-animation=\"bounceInLeft\" data-tf-animation_delay=\"1\" data-lazy=\"1\">\n        <div class=\"image-wrap tf_rel tf_mw\">\n            <img loading=\"lazy\" decoding=\"async\" src=\"https:\/\/www.art-logics.com\/wp-content\/uploads\/2023\/12\/TCU100-FB-min-1024x647-400x252.png\" width=\"400\" height=\"252\" class=\"wp-post-image wp-image-2808\" title=\"TCU100+ F&amp;B-min\" alt=\"TCU100+ F&amp;B-min\" srcset=\"https:\/\/www.art-logics.com\/wp-content\/uploads\/2023\/12\/TCU100-FB-min-1024x647-400x252.png 400w, https:\/\/www.art-logics.com\/wp-content\/uploads\/2023\/12\/TCU100-FB-min-300x190.png 300w, https:\/\/www.art-logics.com\/wp-content\/uploads\/2023\/12\/TCU100-FB-min-1024x647.png 1024w, https:\/\/www.art-logics.com\/wp-content\/uploads\/2023\/12\/TCU100-FB-min-768x485.png 768w, https:\/\/www.art-logics.com\/wp-content\/uploads\/2023\/12\/TCU100-FB-min-1024x647-565x357.png 565w, https:\/\/www.art-logics.com\/wp-content\/uploads\/2023\/12\/TCU100-FB-min.png 1397w\" sizes=\"auto, (max-width: 400px) 100vw, 400px\" \/>    \n        <\/div>\n    <!-- \/image-wrap -->\n    \n        <\/div>\n<!-- \/module image --><!-- module fancy heading -->\n<div  class=\"module module-fancy-heading tb_6jnd54 \" data-lazy=\"1\">\n        <h3 class=\"fancy-heading tf_textl\">\n    <span class=\"main-head tf_block\">\n                    Sp\u00e9cifications            <\/span>\n\n    \n    <span class=\"sub-head tf_block tf_rel\">\n                                <\/span>\n    <\/h3>\n<\/div>\n<!-- \/module fancy heading -->\n<!-- module text -->\n<div  class=\"module module-text tb_gas054   \" data-lazy=\"1\">\n        <div  class=\"tb_text_wrap\">\n        <ul>\n<li><span style=\"background-color: initial; font-size: 1em;\">Offre une large&nbsp;  gamme&nbsp;  Plus de 100&nbsp;  des ressources :&nbsp;  Relais DPDT,&nbsp;  SPDT&nbsp;  Relais,&nbsp;  Voltm\u00e8tres,&nbsp;  Amp\u00e8rem\u00e8tres, num\u00e9riques&nbsp;  OI,&nbsp;  Fr\u00e9quence&nbsp;  OI,&nbsp;  Arbitraire&nbsp;  G\u00e9n\u00e9rateurs de tension,&nbsp;  CANFD,&nbsp; Ethernet,&nbsp; LIN&nbsp; et&nbsp; KLINE.<\/span><br><\/li><li><span style=\"white-space: normal;\">S\u00e9quenceur et contr\u00f4leur de commandes en temps r\u00e9el.<\/span><\/li><li><span style=\"background-color: initial; font-size: 1em;\">Ethernet&nbsp; TCP,&nbsp; USB-C&nbsp; et&nbsp; Interfaces de communication RS-232\/RS422.<\/span><br><\/li><li>Carte SD int\u00e9gr\u00e9e pour stocker les configurations et les acquisitions de donn\u00e9es.<\/li><li>API C# et LabVIEW pr\u00eates \u00e0 l&#8217;emploi.<\/li><li>Taux d&rsquo;\u00e9chantillonnage : 100khz<\/li>\n<\/ul>    <\/div>\n<\/div>\n<!-- \/module text -->        <\/div>\n                    <\/div>\n                <\/div>\n                        <\/div>\n        <\/div>\n                        <div  data-lazy=\"1\" class=\"module_row themify_builder_row tb_oesk562 tf_w hide-mobile\">\n                        <div class=\"row_inner col_align_top tb_col_count_4 tf_box tf_rel\">\n                        <div  data-lazy=\"1\" class=\"module_column tb-column col4-1 tb_erz5562 first\">\n                    <!-- module buttons -->\n<div  class=\"module module-buttons tb_n1ce811 buttons-horizontal solid  large squared\" data-lazy=\"1\">\n        <div class=\"module-buttons-item tf_in_flx\">\n                        <a href=\"https:\/\/www.art-logics.com\/fr\/mini-tcu\/\" class=\"ui builder_button tf_in_flx red\" >\n                                    <em><svg  class=\"tf_fa tf-ti-angle-double-left\" xmlns:xlink=\"http:\/\/www.w3.org\/1999\/xlink\" aria-hidden=\"true\"><use href=\"#tf-ti-angle-double-left\" xlink:href=\"#tf-ti-angle-double-left\"><\/use><\/svg><\/em>                                        retour                                        <\/a>\n                <\/div>\n                    <div class=\"module-buttons-item tf_in_flx\">\n                                                                                        <\/div>\n            <\/div>\n<!-- \/module buttons -->\n        <\/div>\n                    <div  data-lazy=\"1\" class=\"module_column tb-column col4-1 tb_njdo849\">\n                            <\/div>\n                    <div  data-lazy=\"1\" class=\"module_column tb-column col4-1 tb_r5eb849\">\n                            <\/div>\n                    <div  data-lazy=\"1\" class=\"module_column tb-column col4-1 tb_p4zi849 last\">\n                    <!-- module buttons -->\n<div  class=\"module module-buttons tb_38wi261 buttons-horizontal solid  large\" data-lazy=\"1\">\n        <div class=\"module-buttons-item tf_in_flx\">\n                        <a href=\"https:\/\/www.art-logics.com\/fr\/tcu-200\/\" class=\"ui builder_button tf_in_flx red\" >\n                                                SUIVANT                                        <em><svg  class=\"tf_fa tf-ti-angle-double-right\" xmlns:xlink=\"http:\/\/www.w3.org\/1999\/xlink\" aria-hidden=\"true\"><use href=\"#tf-ti-angle-double-right\" xlink:href=\"#tf-ti-angle-double-right\"><\/use><\/svg><\/em>                            <\/a>\n                <\/div>\n            <\/div>\n<!-- \/module buttons -->\n        <\/div>\n                        <\/div>\n        <\/div>\n                        <div  data-lazy=\"1\" class=\"module_row themify_builder_row tb_1wfq995 tf_w hide-desktop hide-tablet hide-tablet_landscape\">\n                        <div class=\"row_inner col_align_top tb_col_count_1 tf_box tf_rel\">\n                        <div  data-lazy=\"1\" class=\"module_column tb-column col-full tb_r0g0996 first\">\n                    <!-- module buttons -->\n<div  class=\"module module-buttons tb_4s2b996 buttons-horizontal solid  small squared buttons-fullwidth\" data-lazy=\"1\">\n        <div class=\"module-buttons-item tf_in_flx\">\n                        <a href=\"https:\/\/www.art-logics.com\/test-controller-and-extension\/\" class=\"ui builder_button tf_in_flx red\" >\n                                    <em><svg  class=\"tf_fa tf-ti-angle-double-left\" xmlns:xlink=\"http:\/\/www.w3.org\/1999\/xlink\" aria-hidden=\"true\"><use href=\"#tf-ti-angle-double-left\" xlink:href=\"#tf-ti-angle-double-left\"><\/use><\/svg><\/em>                                        retour                                        <\/a>\n                <\/div>\n                    <div class=\"module-buttons-item tf_in_flx\">\n                                                                                        <\/div>\n            <\/div>\n<!-- \/module buttons -->\n        <\/div>\n                        <\/div>\n        <\/div>\n                        <div  data-lazy=\"1\" class=\"module_row themify_builder_row tb_mhjo935 tf_w hide-desktop hide-tablet hide-tablet_landscape\">\n                        <div class=\"row_inner col_align_top tb_col_count_1 tf_box tf_rel\">\n                        <div  data-lazy=\"1\" class=\"module_column tb-column col-full tb_8nqj936 first\">\n                    <!-- module buttons -->\n<div  class=\"module module-buttons tb_88kv936 buttons-horizontal solid  small buttons-fullwidth\" data-lazy=\"1\">\n        <div class=\"module-buttons-item tf_in_flx\">\n                        <a href=\"https:\/\/www.art-logics.com\/fr\/tcu-200\/\" class=\"ui builder_button tf_in_flx red\" >\n                                                SUIVANT                                        <em><svg  class=\"tf_fa tf-ti-angle-double-right\" xmlns:xlink=\"http:\/\/www.w3.org\/1999\/xlink\" aria-hidden=\"true\"><use href=\"#tf-ti-angle-double-right\" xlink:href=\"#tf-ti-angle-double-right\"><\/use><\/svg><\/em>                            <\/a>\n                <\/div>\n            <\/div>\n<!-- \/module buttons -->\n        <\/div>\n                        <\/div>\n        <\/div>\n        <\/div>\n<!--\/themify_builder_content--><p><\/p>","protected":false},"excerpt":{"rendered":"","protected":false},"author":1,"featured_media":0,"parent":0,"menu_order":0,"comment_status":"closed","ping_status":"closed","template":"","meta":{"footnotes":""},"class_list":["post-3003","page","type-page","status-publish","hentry","has-post-title","has-post-date","has-post-category","has-post-tag","has-post-comment","has-post-author",""],"yoast_head":"<!-- This site is optimized with the Yoast SEO plugin v27.4 - https:\/\/yoast.com\/product\/yoast-seo-wordpress\/ -->\n<title>TCU 100 Plus - Art-Logics<\/title>\n<meta name=\"robots\" content=\"index, follow, max-snippet:-1, max-image-preview:large, max-video-preview:-1\" \/>\n<link rel=\"canonical\" href=\"https:\/\/www.art-logics.com\/fr\/tcu-100-plus\/\" \/>\n<meta property=\"og:locale\" content=\"fr_FR\" \/>\n<meta property=\"og:type\" content=\"article\" \/>\n<meta property=\"og:title\" content=\"TCU 100 Plus - Art-Logics\" \/>\n<meta property=\"og:url\" content=\"https:\/\/www.art-logics.com\/fr\/tcu-100-plus\/\" \/>\n<meta property=\"og:site_name\" content=\"Art-Logics\" \/>\n<meta property=\"article:modified_time\" content=\"2024-11-20T17:53:14+00:00\" \/>\n<meta property=\"og:image\" content=\"https:\/\/www.art-logics.com\/wp-content\/uploads\/2023\/12\/TCU100-FB-min.png\" \/>\n\t<meta property=\"og:image:width\" content=\"1397\" \/>\n\t<meta property=\"og:image:height\" content=\"883\" \/>\n\t<meta property=\"og:image:type\" content=\"image\/png\" \/>\n<meta name=\"twitter:card\" content=\"summary_large_image\" \/>\n<meta name=\"twitter:label1\" content=\"Dur\u00e9e de lecture estim\u00e9e\" \/>\n\t<meta name=\"twitter:data1\" content=\"1 minute\" \/>\n<script type=\"application\/ld+json\" class=\"yoast-schema-graph\">{\"@context\":\"https:\\\/\\\/schema.org\",\"@graph\":[{\"@type\":\"WebPage\",\"@id\":\"https:\\\/\\\/www.art-logics.com\\\/fr\\\/tcu-100-plus\\\/\",\"url\":\"https:\\\/\\\/www.art-logics.com\\\/fr\\\/tcu-100-plus\\\/\",\"name\":\"TCU 100 Plus - Art-Logics\",\"isPartOf\":{\"@id\":\"https:\\\/\\\/www.art-logics.com\\\/fr\\\/#website\"},\"primaryImageOfPage\":{\"@id\":\"https:\\\/\\\/www.art-logics.com\\\/fr\\\/tcu-100-plus\\\/#primaryimage\"},\"image\":{\"@id\":\"https:\\\/\\\/www.art-logics.com\\\/fr\\\/tcu-100-plus\\\/#primaryimage\"},\"thumbnailUrl\":\"https:\\\/\\\/www.art-logics.com\\\/wp-content\\\/uploads\\\/2023\\\/12\\\/TCU100-FB-min-1024x647-565x357.png\",\"datePublished\":\"2023-12-13T12:49:35+00:00\",\"dateModified\":\"2024-11-20T17:53:14+00:00\",\"breadcrumb\":{\"@id\":\"https:\\\/\\\/www.art-logics.com\\\/fr\\\/tcu-100-plus\\\/#breadcrumb\"},\"inLanguage\":\"fr-FR\",\"potentialAction\":[{\"@type\":\"ReadAction\",\"target\":[\"https:\\\/\\\/www.art-logics.com\\\/fr\\\/tcu-100-plus\\\/\"]}]},{\"@type\":\"ImageObject\",\"inLanguage\":\"fr-FR\",\"@id\":\"https:\\\/\\\/www.art-logics.com\\\/fr\\\/tcu-100-plus\\\/#primaryimage\",\"url\":\"https:\\\/\\\/www.art-logics.com\\\/wp-content\\\/uploads\\\/2023\\\/12\\\/TCU100-FB-min-1024x647-565x357.png\",\"contentUrl\":\"https:\\\/\\\/www.art-logics.com\\\/wp-content\\\/uploads\\\/2023\\\/12\\\/TCU100-FB-min-1024x647-565x357.png\"},{\"@type\":\"BreadcrumbList\",\"@id\":\"https:\\\/\\\/www.art-logics.com\\\/fr\\\/tcu-100-plus\\\/#breadcrumb\",\"itemListElement\":[{\"@type\":\"ListItem\",\"position\":1,\"name\":\"Home\",\"item\":\"https:\\\/\\\/www.art-logics.com\\\/fr\\\/\"},{\"@type\":\"ListItem\",\"position\":2,\"name\":\"TCU 100 Plus\"}]},{\"@type\":\"WebSite\",\"@id\":\"https:\\\/\\\/www.art-logics.com\\\/fr\\\/#website\",\"url\":\"https:\\\/\\\/www.art-logics.com\\\/fr\\\/\",\"name\":\"Art-Logics\",\"description\":\"Automotive Test Solutions\",\"potentialAction\":[{\"@type\":\"SearchAction\",\"target\":{\"@type\":\"EntryPoint\",\"urlTemplate\":\"https:\\\/\\\/www.art-logics.com\\\/fr\\\/?s={search_term_string}\"},\"query-input\":{\"@type\":\"PropertyValueSpecification\",\"valueRequired\":true,\"valueName\":\"search_term_string\"}}],\"inLanguage\":\"fr-FR\"}]}<\/script>\n<!-- \/ Yoast SEO plugin. -->","yoast_head_json":{"title":"TCU 100 Plus - Art-Logics","robots":{"index":"index","follow":"follow","max-snippet":"max-snippet:-1","max-image-preview":"max-image-preview:large","max-video-preview":"max-video-preview:-1"},"canonical":"https:\/\/www.art-logics.com\/fr\/tcu-100-plus\/","og_locale":"fr_FR","og_type":"article","og_title":"TCU 100 Plus - Art-Logics","og_url":"https:\/\/www.art-logics.com\/fr\/tcu-100-plus\/","og_site_name":"Art-Logics","article_modified_time":"2024-11-20T17:53:14+00:00","og_image":[{"width":1397,"height":883,"url":"https:\/\/www.art-logics.com\/wp-content\/uploads\/2023\/12\/TCU100-FB-min.png","type":"image\/png"}],"twitter_card":"summary_large_image","twitter_misc":{"Dur\u00e9e de lecture estim\u00e9e":"1 minute"},"schema":{"@context":"https:\/\/schema.org","@graph":[{"@type":"WebPage","@id":"https:\/\/www.art-logics.com\/fr\/tcu-100-plus\/","url":"https:\/\/www.art-logics.com\/fr\/tcu-100-plus\/","name":"TCU 100 Plus - Art-Logics","isPartOf":{"@id":"https:\/\/www.art-logics.com\/fr\/#website"},"primaryImageOfPage":{"@id":"https:\/\/www.art-logics.com\/fr\/tcu-100-plus\/#primaryimage"},"image":{"@id":"https:\/\/www.art-logics.com\/fr\/tcu-100-plus\/#primaryimage"},"thumbnailUrl":"https:\/\/www.art-logics.com\/wp-content\/uploads\/2023\/12\/TCU100-FB-min-1024x647-565x357.png","datePublished":"2023-12-13T12:49:35+00:00","dateModified":"2024-11-20T17:53:14+00:00","breadcrumb":{"@id":"https:\/\/www.art-logics.com\/fr\/tcu-100-plus\/#breadcrumb"},"inLanguage":"fr-FR","potentialAction":[{"@type":"ReadAction","target":["https:\/\/www.art-logics.com\/fr\/tcu-100-plus\/"]}]},{"@type":"ImageObject","inLanguage":"fr-FR","@id":"https:\/\/www.art-logics.com\/fr\/tcu-100-plus\/#primaryimage","url":"https:\/\/www.art-logics.com\/wp-content\/uploads\/2023\/12\/TCU100-FB-min-1024x647-565x357.png","contentUrl":"https:\/\/www.art-logics.com\/wp-content\/uploads\/2023\/12\/TCU100-FB-min-1024x647-565x357.png"},{"@type":"BreadcrumbList","@id":"https:\/\/www.art-logics.com\/fr\/tcu-100-plus\/#breadcrumb","itemListElement":[{"@type":"ListItem","position":1,"name":"Home","item":"https:\/\/www.art-logics.com\/fr\/"},{"@type":"ListItem","position":2,"name":"TCU 100 Plus"}]},{"@type":"WebSite","@id":"https:\/\/www.art-logics.com\/fr\/#website","url":"https:\/\/www.art-logics.com\/fr\/","name":"Art-Logics","description":"Automotive Test Solutions","potentialAction":[{"@type":"SearchAction","target":{"@type":"EntryPoint","urlTemplate":"https:\/\/www.art-logics.com\/fr\/?s={search_term_string}"},"query-input":{"@type":"PropertyValueSpecification","valueRequired":true,"valueName":"search_term_string"}}],"inLanguage":"fr-FR"}]}},"builder_content":"<h1>TCU 100+<\/h1> <h2><strong style=\"color: rgb(201, 45, 50);\">Unit\u00e9 de contr\u00f4le des essais<\/strong><\/h2>\n<img src=\"https:\/\/www.art-logics.com\/wp-content\/uploads\/2023\/12\/TCU100-FB-min-1024x647-565x357.png\" width=\"565\" height=\"357\" title=\"TCU100+ F&amp;B-min\" alt=\"TCU100+ F&amp;B-min\" srcset=\"https:\/\/www.art-logics.com\/wp-content\/uploads\/2023\/12\/TCU100-FB-min-1024x647-565x357.png 565w, https:\/\/www.art-logics.com\/wp-content\/uploads\/2023\/12\/TCU100-FB-min-300x190.png 300w, https:\/\/www.art-logics.com\/wp-content\/uploads\/2023\/12\/TCU100-FB-min-1024x647.png 1024w, https:\/\/www.art-logics.com\/wp-content\/uploads\/2023\/12\/TCU100-FB-min-768x485.png 768w, https:\/\/www.art-logics.com\/wp-content\/uploads\/2023\/12\/TCU100-FB-min-1024x647-400x252.png 400w, https:\/\/www.art-logics.com\/wp-content\/uploads\/2023\/12\/TCU100-FB-min.png 1397w\" sizes=\"(max-width: 565px) 100vw, 565px\" \/>\n<h3>Sp\u00e9cifications<br\/><\/h3>\n<ul> <li>Offre une large&nbsp; gamme&nbsp; Plus de 100&nbsp; des ressources :&nbsp; Relais DPDT,&nbsp; SPDT&nbsp; Relais,&nbsp; Voltm\u00e8tres,&nbsp; Amp\u00e8rem\u00e8tres, num\u00e9riques&nbsp; OI,&nbsp; Fr\u00e9quence&nbsp; OI,&nbsp; Arbitraire&nbsp; G\u00e9n\u00e9rateurs de tension,&nbsp; CANFD,&nbsp; Ethernet,&nbsp; LIN&nbsp; et&nbsp; KLINE.<br><\/li><li>S\u00e9quenceur et contr\u00f4leur de commandes en temps r\u00e9el.<\/li><li>Ethernet&nbsp; TCP,&nbsp; USB-C&nbsp; et&nbsp; Interfaces de communication RS-232\/RS422.<br><\/li><li>Carte SD int\u00e9gr\u00e9e pour stocker les configurations et les acquisitions de donn\u00e9es.<\/li><li>API C# et LabVIEW pr\u00eates \u00e0 l'emploi.<\/li><li>Taux d'\u00e9chantillonnage : 100khz<\/li> <\/ul>\n<h1 style=\"text-align: center;\">TCU 100+<\/h1> <h3 style=\"text-align: center;\"><strong style=\"color: #c92d32;\">Unit\u00e9 de contr\u00f4le des essais<\/strong><\/h3>\n<img src=\"https:\/\/www.art-logics.com\/wp-content\/uploads\/2023\/12\/TCU100-FB-min-1024x647-400x252.png\" width=\"400\" height=\"252\" title=\"TCU100+ F&amp;B-min\" alt=\"TCU100+ F&amp;B-min\" srcset=\"https:\/\/www.art-logics.com\/wp-content\/uploads\/2023\/12\/TCU100-FB-min-1024x647-400x252.png 400w, https:\/\/www.art-logics.com\/wp-content\/uploads\/2023\/12\/TCU100-FB-min-300x190.png 300w, https:\/\/www.art-logics.com\/wp-content\/uploads\/2023\/12\/TCU100-FB-min-1024x647.png 1024w, https:\/\/www.art-logics.com\/wp-content\/uploads\/2023\/12\/TCU100-FB-min-768x485.png 768w, https:\/\/www.art-logics.com\/wp-content\/uploads\/2023\/12\/TCU100-FB-min-1024x647-565x357.png 565w, https:\/\/www.art-logics.com\/wp-content\/uploads\/2023\/12\/TCU100-FB-min.png 1397w\" sizes=\"(max-width: 400px) 100vw, 400px\" \/>\n<h3>Sp\u00e9cifications<br\/><\/h3>\n<ul> <li>Offre une large&nbsp; gamme&nbsp; Plus de 100&nbsp; des ressources :&nbsp; Relais DPDT,&nbsp; SPDT&nbsp; Relais,&nbsp; Voltm\u00e8tres,&nbsp; Amp\u00e8rem\u00e8tres, num\u00e9riques&nbsp; OI,&nbsp; Fr\u00e9quence&nbsp; OI,&nbsp; Arbitraire&nbsp; G\u00e9n\u00e9rateurs de tension,&nbsp; CANFD,&nbsp; Ethernet,&nbsp; LIN&nbsp; et&nbsp; KLINE.<br><\/li><li>S\u00e9quenceur et contr\u00f4leur de commandes en temps r\u00e9el.<\/li><li>Ethernet&nbsp; TCP,&nbsp; USB-C&nbsp; et&nbsp; Interfaces de communication RS-232\/RS422.<br><\/li><li>Carte SD int\u00e9gr\u00e9e pour stocker les configurations et les acquisitions de donn\u00e9es.<\/li><li>API C# et LabVIEW pr\u00eates \u00e0 l'emploi.<\/li><li>Taux d'\u00e9chantillonnage : 100khz<\/li> <\/ul>\n<a href=\"https:\/\/www.art-logics.com\/fr\/mini-tcu\/\" > <em><svg xmlns:xlink=\"http:\/\/www.w3.org\/1999\/xlink\" aria-hidden=\"true\"><use href=\"#tf-ti-angle-double-left\" xlink:href=\"#tf-ti-angle-double-left\"><\/use><\/svg><\/em> retour <\/a>\n<a href=\"https:\/\/www.art-logics.com\/fr\/tcu-200\/\" > SUIVANT <em><svg xmlns:xlink=\"http:\/\/www.w3.org\/1999\/xlink\" aria-hidden=\"true\"><use href=\"#tf-ti-angle-double-right\" xlink:href=\"#tf-ti-angle-double-right\"><\/use><\/svg><\/em> <\/a>\n<a href=\"https:\/\/www.art-logics.com\/test-controller-and-extension\/\" > <em><svg xmlns:xlink=\"http:\/\/www.w3.org\/1999\/xlink\" aria-hidden=\"true\"><use href=\"#tf-ti-angle-double-left\" xlink:href=\"#tf-ti-angle-double-left\"><\/use><\/svg><\/em> retour <\/a>\n<a href=\"https:\/\/www.art-logics.com\/fr\/tcu-200\/\" > SUIVANT <em><svg xmlns:xlink=\"http:\/\/www.w3.org\/1999\/xlink\" aria-hidden=\"true\"><use href=\"#tf-ti-angle-double-right\" xlink:href=\"#tf-ti-angle-double-right\"><\/use><\/svg><\/em> <\/a>","_links":{"self":[{"href":"https:\/\/www.art-logics.com\/fr\/wp-json\/wp\/v2\/pages\/3003","targetHints":{"allow":["GET"]}}],"collection":[{"href":"https:\/\/www.art-logics.com\/fr\/wp-json\/wp\/v2\/pages"}],"about":[{"href":"https:\/\/www.art-logics.com\/fr\/wp-json\/wp\/v2\/types\/page"}],"author":[{"embeddable":true,"href":"https:\/\/www.art-logics.com\/fr\/wp-json\/wp\/v2\/users\/1"}],"replies":[{"embeddable":true,"href":"https:\/\/www.art-logics.com\/fr\/wp-json\/wp\/v2\/comments?post=3003"}],"version-history":[{"count":13,"href":"https:\/\/www.art-logics.com\/fr\/wp-json\/wp\/v2\/pages\/3003\/revisions"}],"predecessor-version":[{"id":4810,"href":"https:\/\/www.art-logics.com\/fr\/wp-json\/wp\/v2\/pages\/3003\/revisions\/4810"}],"wp:attachment":[{"href":"https:\/\/www.art-logics.com\/fr\/wp-json\/wp\/v2\/media?parent=3003"}],"curies":[{"name":"wp","href":"https:\/\/api.w.org\/{rel}","templated":true}]}}