{"id":3039,"date":"2023-12-13T19:48:37","date_gmt":"2023-12-13T11:48:37","guid":{"rendered":"https:\/\/www.art-logics.com\/mini-tcu\/"},"modified":"2024-11-21T01:59:26","modified_gmt":"2024-11-20T17:59:26","slug":"mini-tcu","status":"publish","type":"page","link":"https:\/\/www.art-logics.com\/fr\/mini-tcu\/","title":{"rendered":"Mini TCU"},"content":{"rendered":"<!--themify_builder_content-->\n<div id=\"themify_builder_content-3039\" data-postid=\"3039\" class=\"themify_builder_content themify_builder_content-3039 themify_builder tf_clear\">\n                    <div  data-css_id=\"j74z218\" data-lazy=\"1\" class=\"module_row themify_builder_row fullwidth_row_container tb_j74z218 tb_first tf_w hide-tablet hide-mobile\">\n                        <div class=\"row_inner col_align_top tb_col_count_1 tf_box tf_rel\">\n                        <div  data-lazy=\"1\" class=\"module_column tb-column col-full tb_5f63218 first\">\n                            <div  data-lazy=\"1\" class=\"module_subrow themify_builder_sub_row tf_w col_align_top tb_col_count_2 tb_0wm8218\">\n                <div  data-lazy=\"1\" class=\"module_column sub_column tb_c5vx218 first\">\n                    <!-- module text -->\n<div  class=\"module module-text tb_fjee218   \" data-lazy=\"1\">\n        <div  class=\"tb_text_wrap\">\n        <h1>Mini TCU  <\/h1>\n<h2><strong style=\"color: rgb(201, 45, 50);\">Taille r\u00e9duite de l&rsquo;essai <\/strong><br><strong style=\"\"><span style=\"color: rgb(201, 45, 50);\">Unit\u00e9 de contr\u00f4le <\/span><\/strong> <\/h2>\n<p style=\"text-align: justify;\"> <\/p>    <\/div>\n<\/div>\n<!-- \/module text --><!-- module image -->\n<div  class=\"module module-image tb_3b8r218 image-top   tf_mw wow\" data-tf-animation=\"bounceInLeft\" data-tf-animation_delay=\"1\" data-lazy=\"1\">\n        <div class=\"image-wrap tf_rel tf_mw\">\n            <img loading=\"lazy\" decoding=\"async\" src=\"https:\/\/www.art-logics.com\/wp-content\/uploads\/2023\/12\/MINI-3-min-454x353.png\" width=\"454\" height=\"353\" class=\"wp-post-image wp-image-2806\" title=\"MINI-3-min\" alt=\"MINI-3-min\" srcset=\"https:\/\/www.art-logics.com\/wp-content\/uploads\/2023\/12\/MINI-3-min-454x353.png 454w, https:\/\/www.art-logics.com\/wp-content\/uploads\/2023\/12\/MINI-3-min-300x234.png 300w, https:\/\/www.art-logics.com\/wp-content\/uploads\/2023\/12\/MINI-3-min-768x599.png 768w, https:\/\/www.art-logics.com\/wp-content\/uploads\/2023\/12\/MINI-3-min-600x467.png 600w, https:\/\/www.art-logics.com\/wp-content\/uploads\/2023\/12\/MINI-3-min-565x440.png 565w, https:\/\/www.art-logics.com\/wp-content\/uploads\/2023\/12\/MINI-3-min-400x311.png 400w, https:\/\/www.art-logics.com\/wp-content\/uploads\/2023\/12\/MINI-3-min.png 947w\" sizes=\"auto, (max-width: 454px) 100vw, 454px\" \/>    \n        <\/div>\n    <!-- \/image-wrap -->\n    \n        <\/div>\n<!-- \/module image -->        <\/div>\n                    <div  data-lazy=\"1\" class=\"module_column sub_column tb_0vto218 last\">\n                    <!-- module fancy heading -->\n<div  class=\"module module-fancy-heading tb_te84218 \" data-lazy=\"1\">\n        <h3 class=\"fancy-heading tf_textl\">\n    <span class=\"main-head tf_block\">\n                    Sp\u00e9cifications            <\/span>\n\n    \n    <span class=\"sub-head tf_block tf_rel\">\n                                <\/span>\n    <\/h3>\n<\/div>\n<!-- \/module fancy heading -->\n<!-- module text -->\n<div  class=\"module module-text tb_lnga701   \" data-lazy=\"1\">\n        <div  class=\"tb_text_wrap\">\n        <div><br><\/div><ul>\n<li>Offre une large gamme de plus de 20 ressources : Relais DPDT, relais SPDT, voltm\u00e8tres, amp\u00e8rem\u00e8tres, E\/S num\u00e9riques, E\/S de fr\u00e9quence, g\u00e9n\u00e9rateurs de tension arbitraire,&nbsp; &nbsp;CANFD,&nbsp; &nbsp;Ethernet,&nbsp; &nbsp;LIN&nbsp; &nbsp;et canaux de communication KLINE.<\/li><li>S\u00e9quenceur de commandes en temps r\u00e9el et<span style=\"background-color: initial; font-size: 1em;\">contr\u00f4leur<\/span>&nbsp;<span style=\"background-color: initial; font-size: 1em;\">.<\/span><\/li><li>Ethernet&nbsp; TCP,&nbsp; USB-C&nbsp; et&nbsp; Interfaces de communication RS-232\/RS422.<\/li><li>Carte SD int\u00e9gr\u00e9e pour stocker les configurations et les acquisitions de donn\u00e9es.<\/li><li>API C# et LabVIEW pr\u00eates \u00e0 l&#8217;emploi.<\/li><li><span style=\"background-color: initial; font-size: 1em;\">Taux d&rsquo;\u00e9chantillonnage :&nbsp; 1khz\/10khz\/100khz\/1Mhz.<\/span><\/li>\n<\/ul>    <\/div>\n<\/div>\n<!-- \/module text -->        <\/div>\n                    <\/div>\n                <\/div>\n                        <\/div>\n        <\/div>\n                        <div  data-css_id=\"uiac673\" data-lazy=\"1\" class=\"module_row themify_builder_row fullwidth_row_container tb_uiac673 tf_w hide-desktop hide-tablet_landscape\">\n                        <div class=\"row_inner col_align_top tb_col_count_1 tf_box tf_rel\">\n                        <div  data-lazy=\"1\" class=\"module_column tb-column col-full tb_0j14673 first\">\n                            <div  data-lazy=\"1\" class=\"module_subrow themify_builder_sub_row tf_w col_align_top tb_col_count_1 tb_vrmf673\">\n                <div  data-lazy=\"1\" class=\"module_column sub_column col-full tb_guuy673 first\">\n                    <!-- module text -->\n<div  class=\"module module-text tb_j3vr673    wow\" data-tf-animation=\"bounceInUp\" data-lazy=\"1\">\n        <div  class=\"tb_text_wrap\">\n        <h1 style=\"text-align: center;\"><span style=\"font-family: 'Abril Fatface';\">Mini TCU <\/span><\/h1>\n<h4 style=\"text-align: center;\"><span style=\"color: #c92d32;\"><strong>Taille r\u00e9duite de l&rsquo;essai <\/strong><strong style=\"letter-spacing: -0.02em; background-color: initial;\">Unit\u00e9 de contr\u00f4le <\/strong><\/span><\/h4>\n<p style=\"text-align: justify;\">\u00a0<\/p>    <\/div>\n<\/div>\n<!-- \/module text --><!-- module image -->\n<div  class=\"module module-image tb_2zri673 image-center   tf_mw wow\" data-tf-animation=\"bounceInLeft\" data-tf-animation_delay=\"1\" data-lazy=\"1\">\n        <div class=\"image-wrap tf_rel tf_mw\">\n            <img loading=\"lazy\" decoding=\"async\" src=\"https:\/\/www.art-logics.com\/wp-content\/uploads\/2023\/12\/MINI-3-min-454x353.png\" width=\"454\" height=\"353\" class=\"wp-post-image wp-image-2806\" title=\"MINI-3-min\" alt=\"MINI-3-min\" srcset=\"https:\/\/www.art-logics.com\/wp-content\/uploads\/2023\/12\/MINI-3-min-454x353.png 454w, https:\/\/www.art-logics.com\/wp-content\/uploads\/2023\/12\/MINI-3-min-300x234.png 300w, https:\/\/www.art-logics.com\/wp-content\/uploads\/2023\/12\/MINI-3-min-768x599.png 768w, https:\/\/www.art-logics.com\/wp-content\/uploads\/2023\/12\/MINI-3-min-600x467.png 600w, https:\/\/www.art-logics.com\/wp-content\/uploads\/2023\/12\/MINI-3-min-565x440.png 565w, https:\/\/www.art-logics.com\/wp-content\/uploads\/2023\/12\/MINI-3-min-400x311.png 400w, https:\/\/www.art-logics.com\/wp-content\/uploads\/2023\/12\/MINI-3-min.png 947w\" sizes=\"auto, (max-width: 454px) 100vw, 454px\" \/>    \n        <\/div>\n    <!-- \/image-wrap -->\n    \n        <\/div>\n<!-- \/module image --><!-- module fancy heading -->\n<div  class=\"module module-fancy-heading tb_7i2o673 \" data-lazy=\"1\">\n        <h3 class=\"fancy-heading tf_textl\">\n    <span class=\"main-head tf_block\">\n                    Sp\u00e9cifications            <\/span>\n\n    \n    <span class=\"sub-head tf_block tf_rel\">\n                                <\/span>\n    <\/h3>\n<\/div>\n<!-- \/module fancy heading -->\n<!-- module text -->\n<div  class=\"module module-text tb_1ljx673   \" data-lazy=\"1\">\n        <div  class=\"tb_text_wrap\">\n        <div><br><\/div><ul>\n<li>Offre une large gamme de plus de 20 ressources : Relais DPDT, relais SPDT, voltm\u00e8tres, amp\u00e8rem\u00e8tres, E\/S num\u00e9riques, E\/S de fr\u00e9quence, g\u00e9n\u00e9rateurs de tension arbitraire,&nbsp; &nbsp;CANFD,&nbsp; &nbsp;Ethernet,&nbsp; &nbsp;LIN&nbsp; &nbsp;et canaux de communication KLINE.<\/li><li>S\u00e9quenceur de commandes en temps r\u00e9el et<span style=\"background-color: initial; font-size: 1em;\">contr\u00f4leur<\/span>&nbsp;<span style=\"background-color: initial; font-size: 1em;\">.<\/span><\/li><li>Ethernet&nbsp; TCP,&nbsp; USB-C&nbsp; et&nbsp; Interfaces de communication RS-232\/RS422.<\/li><li>Carte SD int\u00e9gr\u00e9e pour stocker les configurations et les acquisitions de donn\u00e9es.<\/li><li>API C# et LabVIEW pr\u00eates \u00e0 l&#8217;emploi.<\/li><li><span style=\"background-color: initial; font-size: 1em;\">Taux d&rsquo;\u00e9chantillonnage :&nbsp; 1khz\/10khz\/100khz\/1Mhz.<\/span><\/li>\n<\/ul>    <\/div>\n<\/div>\n<!-- \/module text -->        <\/div>\n                    <\/div>\n                <\/div>\n                        <\/div>\n        <\/div>\n                        <div  data-lazy=\"1\" class=\"module_row themify_builder_row tb_15zj209 tf_w\">\n                        <div class=\"row_inner col_align_top tb_col_count_1 tf_box tf_rel\">\n                        <div  data-lazy=\"1\" class=\"module_column tb-column col-full tb_r8mb209 first\">\n                            <div  data-lazy=\"1\" class=\"module_subrow themify_builder_sub_row tf_w col_align_top tb_col_count_1 tb_3aiy183\">\n                <div  data-lazy=\"1\" class=\"module_column sub_column col-full tb_2jna183 first\">\n                    <!-- module divider -->\n<div  class=\"module tf_mw module-divider tb_3n393 dotted   \" style=\"border-width: 1px;border-color: #000;\" data-lazy=\"1\">\n    <\/div>\n<!-- \/module divider -->\n        <\/div>\n                    <\/div>\n                <\/div>\n                        <\/div>\n        <\/div>\n                        <div  data-lazy=\"1\" class=\"module_row themify_builder_row tb_oesk562 tf_w hide-mobile\">\n                        <div class=\"row_inner col_align_top tb_col_count_4 tf_box tf_rel\">\n                        <div  data-lazy=\"1\" class=\"module_column tb-column col4-1 tb_erz5562 first\">\n                    <!-- module buttons -->\n<div  class=\"module module-buttons tb_n1ce811 buttons-horizontal solid  large squared\" data-lazy=\"1\">\n        <div class=\"module-buttons-item tf_in_flx\">\n                        <a href=\"https:\/\/www.art-logics.com\/fr\/produit-autonome-tcu-100\/\" class=\"ui builder_button tf_in_flx red\" >\n                                    <em><svg  class=\"tf_fa tf-ti-angle-double-left\" xmlns:xlink=\"http:\/\/www.w3.org\/1999\/xlink\" aria-hidden=\"true\"><use href=\"#tf-ti-angle-double-left\" xlink:href=\"#tf-ti-angle-double-left\"><\/use><\/svg><\/em>                                        retour                                        <\/a>\n                <\/div>\n                    <div class=\"module-buttons-item tf_in_flx\">\n                                                                                        <\/div>\n            <\/div>\n<!-- \/module buttons -->\n        <\/div>\n                    <div  data-lazy=\"1\" class=\"module_column tb-column col4-1 tb_njdo849\">\n                            <\/div>\n                    <div  data-lazy=\"1\" class=\"module_column tb-column col4-1 tb_r5eb849\">\n                            <\/div>\n                    <div  data-lazy=\"1\" class=\"module_column tb-column col4-1 tb_p4zi849 last\">\n                    <!-- module buttons -->\n<div  class=\"module module-buttons tb_38wi261 buttons-horizontal solid  large\" data-lazy=\"1\">\n        <div class=\"module-buttons-item tf_in_flx\">\n                        <a href=\"https:\/\/www.art-logics.com\/fr\/tcu-100-plus\/\" class=\"ui builder_button tf_in_flx red\" >\n                                                SUIVANT                                        <em><svg  class=\"tf_fa tf-ti-angle-double-right\" xmlns:xlink=\"http:\/\/www.w3.org\/1999\/xlink\" aria-hidden=\"true\"><use href=\"#tf-ti-angle-double-right\" xlink:href=\"#tf-ti-angle-double-right\"><\/use><\/svg><\/em>                            <\/a>\n                <\/div>\n            <\/div>\n<!-- \/module buttons -->\n        <\/div>\n                        <\/div>\n        <\/div>\n                        <div  data-lazy=\"1\" class=\"module_row themify_builder_row tb_e2vz664 tf_w hide-desktop hide-tablet hide-tablet_landscape\">\n                        <div class=\"row_inner col_align_top tb_col_count_1 tf_box tf_rel\">\n                        <div  data-lazy=\"1\" class=\"module_column tb-column col-full tb_n74y664 first\">\n                    <!-- module buttons -->\n<div  class=\"module module-buttons tb_h1e0664 buttons-horizontal solid  small squared buttons-fullwidth\" data-lazy=\"1\">\n        <div class=\"module-buttons-item tf_in_flx\">\n                        <a href=\"https:\/\/www.art-logics.com\/fr\/produit-autonome-tcu-100\/\" class=\"ui builder_button tf_in_flx red\" >\n                                    <em><svg  class=\"tf_fa tf-ti-angle-double-left\" xmlns:xlink=\"http:\/\/www.w3.org\/1999\/xlink\" aria-hidden=\"true\"><use href=\"#tf-ti-angle-double-left\" xlink:href=\"#tf-ti-angle-double-left\"><\/use><\/svg><\/em>                                        retour                                        <\/a>\n                <\/div>\n                    <div class=\"module-buttons-item tf_in_flx\">\n                                                                                        <\/div>\n            <\/div>\n<!-- \/module buttons -->\n        <\/div>\n                        <\/div>\n        <\/div>\n                        <div  data-lazy=\"1\" class=\"module_row themify_builder_row tb_tjrv473 tf_w hide-desktop hide-tablet hide-tablet_landscape\">\n                        <div class=\"row_inner col_align_top tb_col_count_1 tf_box tf_rel\">\n                        <div  data-lazy=\"1\" class=\"module_column tb-column col-full tb_6tsn473 first\">\n                    <!-- module buttons -->\n<div  class=\"module module-buttons tb_prvz473 buttons-horizontal solid  small buttons-fullwidth\" data-lazy=\"1\">\n        <div class=\"module-buttons-item tf_in_flx\">\n                        <a href=\"https:\/\/www.art-logics.com\/fr\/tcu-100-plus\/\" class=\"ui builder_button tf_in_flx red\" >\n                                                SUIVANT                                        <em><svg  class=\"tf_fa tf-ti-angle-double-right\" xmlns:xlink=\"http:\/\/www.w3.org\/1999\/xlink\" aria-hidden=\"true\"><use href=\"#tf-ti-angle-double-right\" xlink:href=\"#tf-ti-angle-double-right\"><\/use><\/svg><\/em>                            <\/a>\n                <\/div>\n            <\/div>\n<!-- \/module buttons -->\n        <\/div>\n                        <\/div>\n        <\/div>\n        <\/div>\n<!--\/themify_builder_content--><p><\/p>","protected":false},"excerpt":{"rendered":"","protected":false},"author":1,"featured_media":0,"parent":0,"menu_order":0,"comment_status":"closed","ping_status":"closed","template":"","meta":{"footnotes":""},"class_list":["post-3039","page","type-page","status-publish","hentry","has-post-title","has-post-date","has-post-category","has-post-tag","has-post-comment","has-post-author",""],"yoast_head":"<!-- This site is optimized with the Yoast SEO plugin v27.4 - https:\/\/yoast.com\/product\/yoast-seo-wordpress\/ -->\n<title>Mini TCU - Art-Logics<\/title>\n<meta name=\"robots\" content=\"index, follow, max-snippet:-1, max-image-preview:large, max-video-preview:-1\" \/>\n<link rel=\"canonical\" href=\"https:\/\/www.art-logics.com\/fr\/mini-tcu\/\" \/>\n<meta property=\"og:locale\" content=\"fr_FR\" \/>\n<meta property=\"og:type\" content=\"article\" \/>\n<meta property=\"og:title\" content=\"Mini TCU - Art-Logics\" \/>\n<meta property=\"og:url\" content=\"https:\/\/www.art-logics.com\/fr\/mini-tcu\/\" \/>\n<meta property=\"og:site_name\" content=\"Art-Logics\" \/>\n<meta property=\"article:modified_time\" content=\"2024-11-20T17:59:26+00:00\" \/>\n<meta property=\"og:image\" content=\"https:\/\/www.art-logics.com\/wp-content\/uploads\/2023\/12\/MINI-3-min.png\" \/>\n\t<meta property=\"og:image:width\" content=\"947\" \/>\n\t<meta property=\"og:image:height\" content=\"738\" \/>\n\t<meta property=\"og:image:type\" content=\"image\/png\" \/>\n<meta name=\"twitter:card\" content=\"summary_large_image\" \/>\n<meta name=\"twitter:label1\" content=\"Dur\u00e9e de lecture estim\u00e9e\" \/>\n\t<meta name=\"twitter:data1\" content=\"1 minute\" \/>\n<script type=\"application\/ld+json\" class=\"yoast-schema-graph\">{\"@context\":\"https:\\\/\\\/schema.org\",\"@graph\":[{\"@type\":\"WebPage\",\"@id\":\"https:\\\/\\\/www.art-logics.com\\\/fr\\\/mini-tcu\\\/\",\"url\":\"https:\\\/\\\/www.art-logics.com\\\/fr\\\/mini-tcu\\\/\",\"name\":\"Mini TCU - Art-Logics\",\"isPartOf\":{\"@id\":\"https:\\\/\\\/www.art-logics.com\\\/fr\\\/#website\"},\"primaryImageOfPage\":{\"@id\":\"https:\\\/\\\/www.art-logics.com\\\/fr\\\/mini-tcu\\\/#primaryimage\"},\"image\":{\"@id\":\"https:\\\/\\\/www.art-logics.com\\\/fr\\\/mini-tcu\\\/#primaryimage\"},\"thumbnailUrl\":\"https:\\\/\\\/www.art-logics.com\\\/wp-content\\\/uploads\\\/2023\\\/12\\\/MINI-3-min-454x353.png\",\"datePublished\":\"2023-12-13T11:48:37+00:00\",\"dateModified\":\"2024-11-20T17:59:26+00:00\",\"breadcrumb\":{\"@id\":\"https:\\\/\\\/www.art-logics.com\\\/fr\\\/mini-tcu\\\/#breadcrumb\"},\"inLanguage\":\"fr-FR\",\"potentialAction\":[{\"@type\":\"ReadAction\",\"target\":[\"https:\\\/\\\/www.art-logics.com\\\/fr\\\/mini-tcu\\\/\"]}]},{\"@type\":\"ImageObject\",\"inLanguage\":\"fr-FR\",\"@id\":\"https:\\\/\\\/www.art-logics.com\\\/fr\\\/mini-tcu\\\/#primaryimage\",\"url\":\"https:\\\/\\\/www.art-logics.com\\\/wp-content\\\/uploads\\\/2023\\\/12\\\/MINI-3-min-454x353.png\",\"contentUrl\":\"https:\\\/\\\/www.art-logics.com\\\/wp-content\\\/uploads\\\/2023\\\/12\\\/MINI-3-min-454x353.png\"},{\"@type\":\"BreadcrumbList\",\"@id\":\"https:\\\/\\\/www.art-logics.com\\\/fr\\\/mini-tcu\\\/#breadcrumb\",\"itemListElement\":[{\"@type\":\"ListItem\",\"position\":1,\"name\":\"Home\",\"item\":\"https:\\\/\\\/www.art-logics.com\\\/fr\\\/\"},{\"@type\":\"ListItem\",\"position\":2,\"name\":\"Mini TCU\"}]},{\"@type\":\"WebSite\",\"@id\":\"https:\\\/\\\/www.art-logics.com\\\/fr\\\/#website\",\"url\":\"https:\\\/\\\/www.art-logics.com\\\/fr\\\/\",\"name\":\"Art-Logics\",\"description\":\"Automotive Test Solutions\",\"potentialAction\":[{\"@type\":\"SearchAction\",\"target\":{\"@type\":\"EntryPoint\",\"urlTemplate\":\"https:\\\/\\\/www.art-logics.com\\\/fr\\\/?s={search_term_string}\"},\"query-input\":{\"@type\":\"PropertyValueSpecification\",\"valueRequired\":true,\"valueName\":\"search_term_string\"}}],\"inLanguage\":\"fr-FR\"}]}<\/script>\n<!-- \/ Yoast SEO plugin. -->","yoast_head_json":{"title":"Mini TCU - Art-Logics","robots":{"index":"index","follow":"follow","max-snippet":"max-snippet:-1","max-image-preview":"max-image-preview:large","max-video-preview":"max-video-preview:-1"},"canonical":"https:\/\/www.art-logics.com\/fr\/mini-tcu\/","og_locale":"fr_FR","og_type":"article","og_title":"Mini TCU - Art-Logics","og_url":"https:\/\/www.art-logics.com\/fr\/mini-tcu\/","og_site_name":"Art-Logics","article_modified_time":"2024-11-20T17:59:26+00:00","og_image":[{"width":947,"height":738,"url":"https:\/\/www.art-logics.com\/wp-content\/uploads\/2023\/12\/MINI-3-min.png","type":"image\/png"}],"twitter_card":"summary_large_image","twitter_misc":{"Dur\u00e9e de lecture estim\u00e9e":"1 minute"},"schema":{"@context":"https:\/\/schema.org","@graph":[{"@type":"WebPage","@id":"https:\/\/www.art-logics.com\/fr\/mini-tcu\/","url":"https:\/\/www.art-logics.com\/fr\/mini-tcu\/","name":"Mini TCU - Art-Logics","isPartOf":{"@id":"https:\/\/www.art-logics.com\/fr\/#website"},"primaryImageOfPage":{"@id":"https:\/\/www.art-logics.com\/fr\/mini-tcu\/#primaryimage"},"image":{"@id":"https:\/\/www.art-logics.com\/fr\/mini-tcu\/#primaryimage"},"thumbnailUrl":"https:\/\/www.art-logics.com\/wp-content\/uploads\/2023\/12\/MINI-3-min-454x353.png","datePublished":"2023-12-13T11:48:37+00:00","dateModified":"2024-11-20T17:59:26+00:00","breadcrumb":{"@id":"https:\/\/www.art-logics.com\/fr\/mini-tcu\/#breadcrumb"},"inLanguage":"fr-FR","potentialAction":[{"@type":"ReadAction","target":["https:\/\/www.art-logics.com\/fr\/mini-tcu\/"]}]},{"@type":"ImageObject","inLanguage":"fr-FR","@id":"https:\/\/www.art-logics.com\/fr\/mini-tcu\/#primaryimage","url":"https:\/\/www.art-logics.com\/wp-content\/uploads\/2023\/12\/MINI-3-min-454x353.png","contentUrl":"https:\/\/www.art-logics.com\/wp-content\/uploads\/2023\/12\/MINI-3-min-454x353.png"},{"@type":"BreadcrumbList","@id":"https:\/\/www.art-logics.com\/fr\/mini-tcu\/#breadcrumb","itemListElement":[{"@type":"ListItem","position":1,"name":"Home","item":"https:\/\/www.art-logics.com\/fr\/"},{"@type":"ListItem","position":2,"name":"Mini TCU"}]},{"@type":"WebSite","@id":"https:\/\/www.art-logics.com\/fr\/#website","url":"https:\/\/www.art-logics.com\/fr\/","name":"Art-Logics","description":"Automotive Test Solutions","potentialAction":[{"@type":"SearchAction","target":{"@type":"EntryPoint","urlTemplate":"https:\/\/www.art-logics.com\/fr\/?s={search_term_string}"},"query-input":{"@type":"PropertyValueSpecification","valueRequired":true,"valueName":"search_term_string"}}],"inLanguage":"fr-FR"}]}},"builder_content":"<h1>Mini TCU <\/h1> <h2><strong style=\"color: rgb(201, 45, 50);\">Taille r\u00e9duite de l'essai <\/strong><br><strong style=\"\">Unit\u00e9 de contr\u00f4le <\/strong> <\/h2> <p style=\"text-align: justify;\"> <\/p>\n<img src=\"https:\/\/www.art-logics.com\/wp-content\/uploads\/2023\/12\/MINI-3-min-454x353.png\" width=\"454\" height=\"353\" title=\"MINI-3-min\" alt=\"MINI-3-min\" srcset=\"https:\/\/www.art-logics.com\/wp-content\/uploads\/2023\/12\/MINI-3-min-454x353.png 454w, https:\/\/www.art-logics.com\/wp-content\/uploads\/2023\/12\/MINI-3-min-300x234.png 300w, https:\/\/www.art-logics.com\/wp-content\/uploads\/2023\/12\/MINI-3-min-768x599.png 768w, https:\/\/www.art-logics.com\/wp-content\/uploads\/2023\/12\/MINI-3-min-600x467.png 600w, https:\/\/www.art-logics.com\/wp-content\/uploads\/2023\/12\/MINI-3-min-565x440.png 565w, https:\/\/www.art-logics.com\/wp-content\/uploads\/2023\/12\/MINI-3-min-400x311.png 400w, https:\/\/www.art-logics.com\/wp-content\/uploads\/2023\/12\/MINI-3-min.png 947w\" sizes=\"(max-width: 454px) 100vw, 454px\" \/>\n<h3>Sp\u00e9cifications<br\/><\/h3>\n<br><ul> <li>Offre une large gamme de plus de 20 ressources : Relais DPDT, relais SPDT, voltm\u00e8tres, amp\u00e8rem\u00e8tres, E\/S num\u00e9riques, E\/S de fr\u00e9quence, g\u00e9n\u00e9rateurs de tension arbitraire,&nbsp; &nbsp;CANFD,&nbsp; &nbsp;Ethernet,&nbsp; &nbsp;LIN&nbsp; &nbsp;et canaux de communication KLINE.<\/li><li>S\u00e9quenceur de commandes en temps r\u00e9el etcontr\u00f4leur&nbsp;.<\/li><li>Ethernet&nbsp; TCP,&nbsp; USB-C&nbsp; et&nbsp; Interfaces de communication RS-232\/RS422.<\/li><li>Carte SD int\u00e9gr\u00e9e pour stocker les configurations et les acquisitions de donn\u00e9es.<\/li><li>API C# et LabVIEW pr\u00eates \u00e0 l'emploi.<\/li><li>Taux d'\u00e9chantillonnage :&nbsp; 1khz\/10khz\/100khz\/1Mhz.<\/li> <\/ul>\n<h1 style=\"text-align: center;\">Mini TCU <\/h1> <h4 style=\"text-align: center;\"><strong>Taille r\u00e9duite de l'essai <\/strong><strong style=\"letter-spacing: -0.02em; background-color: initial;\">Unit\u00e9 de contr\u00f4le <\/strong><\/h4> <p style=\"text-align: justify;\">\u00a0<\/p>\n<img src=\"https:\/\/www.art-logics.com\/wp-content\/uploads\/2023\/12\/MINI-3-min-454x353.png\" width=\"454\" height=\"353\" title=\"MINI-3-min\" alt=\"MINI-3-min\" srcset=\"https:\/\/www.art-logics.com\/wp-content\/uploads\/2023\/12\/MINI-3-min-454x353.png 454w, https:\/\/www.art-logics.com\/wp-content\/uploads\/2023\/12\/MINI-3-min-300x234.png 300w, https:\/\/www.art-logics.com\/wp-content\/uploads\/2023\/12\/MINI-3-min-768x599.png 768w, https:\/\/www.art-logics.com\/wp-content\/uploads\/2023\/12\/MINI-3-min-600x467.png 600w, https:\/\/www.art-logics.com\/wp-content\/uploads\/2023\/12\/MINI-3-min-565x440.png 565w, https:\/\/www.art-logics.com\/wp-content\/uploads\/2023\/12\/MINI-3-min-400x311.png 400w, https:\/\/www.art-logics.com\/wp-content\/uploads\/2023\/12\/MINI-3-min.png 947w\" sizes=\"(max-width: 454px) 100vw, 454px\" \/>\n<h3>Sp\u00e9cifications<br\/><\/h3>\n<br><ul> <li>Offre une large gamme de plus de 20 ressources : Relais DPDT, relais SPDT, voltm\u00e8tres, amp\u00e8rem\u00e8tres, E\/S num\u00e9riques, E\/S de fr\u00e9quence, g\u00e9n\u00e9rateurs de tension arbitraire,&nbsp; &nbsp;CANFD,&nbsp; &nbsp;Ethernet,&nbsp; &nbsp;LIN&nbsp; &nbsp;et canaux de communication KLINE.<\/li><li>S\u00e9quenceur de commandes en temps r\u00e9el etcontr\u00f4leur&nbsp;.<\/li><li>Ethernet&nbsp; TCP,&nbsp; USB-C&nbsp; et&nbsp; Interfaces de communication RS-232\/RS422.<\/li><li>Carte SD int\u00e9gr\u00e9e pour stocker les configurations et les acquisitions de donn\u00e9es.<\/li><li>API C# et LabVIEW pr\u00eates \u00e0 l'emploi.<\/li><li>Taux d'\u00e9chantillonnage :&nbsp; 1khz\/10khz\/100khz\/1Mhz.<\/li> <\/ul>\n\n<a href=\"https:\/\/www.art-logics.com\/fr\/produit-autonome-tcu-100\/\" > <em><svg xmlns:xlink=\"http:\/\/www.w3.org\/1999\/xlink\" aria-hidden=\"true\"><use href=\"#tf-ti-angle-double-left\" xlink:href=\"#tf-ti-angle-double-left\"><\/use><\/svg><\/em> retour <\/a>\n<a href=\"https:\/\/www.art-logics.com\/fr\/tcu-100-plus\/\" > SUIVANT <em><svg xmlns:xlink=\"http:\/\/www.w3.org\/1999\/xlink\" aria-hidden=\"true\"><use href=\"#tf-ti-angle-double-right\" xlink:href=\"#tf-ti-angle-double-right\"><\/use><\/svg><\/em> <\/a>\n<a href=\"https:\/\/www.art-logics.com\/fr\/produit-autonome-tcu-100\/\" > <em><svg xmlns:xlink=\"http:\/\/www.w3.org\/1999\/xlink\" aria-hidden=\"true\"><use href=\"#tf-ti-angle-double-left\" xlink:href=\"#tf-ti-angle-double-left\"><\/use><\/svg><\/em> retour <\/a>\n<a href=\"https:\/\/www.art-logics.com\/fr\/tcu-100-plus\/\" > SUIVANT <em><svg xmlns:xlink=\"http:\/\/www.w3.org\/1999\/xlink\" aria-hidden=\"true\"><use href=\"#tf-ti-angle-double-right\" xlink:href=\"#tf-ti-angle-double-right\"><\/use><\/svg><\/em> <\/a>","_links":{"self":[{"href":"https:\/\/www.art-logics.com\/fr\/wp-json\/wp\/v2\/pages\/3039","targetHints":{"allow":["GET"]}}],"collection":[{"href":"https:\/\/www.art-logics.com\/fr\/wp-json\/wp\/v2\/pages"}],"about":[{"href":"https:\/\/www.art-logics.com\/fr\/wp-json\/wp\/v2\/types\/page"}],"author":[{"embeddable":true,"href":"https:\/\/www.art-logics.com\/fr\/wp-json\/wp\/v2\/users\/1"}],"replies":[{"embeddable":true,"href":"https:\/\/www.art-logics.com\/fr\/wp-json\/wp\/v2\/comments?post=3039"}],"version-history":[{"count":10,"href":"https:\/\/www.art-logics.com\/fr\/wp-json\/wp\/v2\/pages\/3039\/revisions"}],"predecessor-version":[{"id":4827,"href":"https:\/\/www.art-logics.com\/fr\/wp-json\/wp\/v2\/pages\/3039\/revisions\/4827"}],"wp:attachment":[{"href":"https:\/\/www.art-logics.com\/fr\/wp-json\/wp\/v2\/media?parent=3039"}],"curies":[{"name":"wp","href":"https:\/\/api.w.org\/{rel}","templated":true}]}}