{"id":3577,"date":"2023-11-23T05:31:37","date_gmt":"2023-11-22T21:31:37","guid":{"rendered":"https:\/\/www.art-logics.com\/notre-equipe\/"},"modified":"2024-11-12T15:44:52","modified_gmt":"2024-11-12T07:44:52","slug":"notre-equipe","status":"publish","type":"page","link":"https:\/\/www.art-logics.com\/fr\/notre-equipe\/","title":{"rendered":"Notre \u00e9quipe"},"content":{"rendered":"<!--themify_builder_content-->\n<div id=\"themify_builder_content-3577\" data-postid=\"3577\" class=\"themify_builder_content themify_builder_content-3577 themify_builder tf_clear\">\n                    <div  data-css_id=\"3k31174\" data-lazy=\"1\" class=\"module_row themify_builder_row fullwidth_row_container tb_3k31174 tb_first tf_w\">\n            <span  class=\"builder_row_cover tf_abs\" data-lazy=\"1\"><\/span>            <div class=\"row_inner col_align_top tb_col_count_1 tf_box tf_rel\">\n                        <div  data-lazy=\"1\" class=\"module_column tb-column col-full tb_lv8a174 first\">\n                    <!-- module text -->\n<div  class=\"module module-text tb_1ivs174   \" data-lazy=\"1\">\n        <div  class=\"tb_text_wrap\">\n        <h1>NOTRE \u00c9QUIPE<\/h1>    <\/div>\n<\/div>\n<!-- \/module text -->        <\/div>\n                        <\/div>\n        <\/div>\n                        <div  data-lazy=\"1\" class=\"module_row themify_builder_row tb_e30k174 tf_w hide-mobile\">\n                        <div class=\"row_inner col_align_top tb_col_count_2 tf_box tf_rel\">\n                        <div  data-lazy=\"1\" class=\"module_column tb-column col4-2 tb_mbu9174 first\">\n                    <!-- module text -->\n<div  class=\"module module-text tb_mxra174   \" data-lazy=\"1\" data-parallax-element-speed=\"1\" data-lax-translate-y=\"vh 1,0 70\" data-lax=\"true\">\n        <div  class=\"tb_text_wrap\">\n        <h1><span style=\"color: rgb(201, 0, 0);\">Nos d\u00e9buts<\/span><\/h1>\n<p style=\"text-align: justify;\">Cr\u00e9\u00e9 en 2009, Arts logics est un concepteur et distributeur international, bas\u00e9 \u00e0 Shanghai en CHINE et en FRANCE, de plateformes d&rsquo;\u00e9quipements de syst\u00e8mes de test automobile pour les tests professionnels de fiabilit\u00e9 fonctionnelle (environnementale) et de ligne de production de tous les contr\u00f4leurs embarqu\u00e9s automobiles tels que les contr\u00f4leurs de moteur (ECU), la direction assist\u00e9e \u00e9lectronique (EPS), le contr\u00f4leur d&rsquo;airbag (ACU), la gestion de la batterie (BMS), le contr\u00f4leur de v\u00e9hicule (VCU), l&rsquo;ABS et bien d&rsquo;autres encore.<\/p><p style=\"text-align: justify;\"><span style=\"background-color: initial; font-size: 1em;\">L&rsquo;entreprise est pass\u00e9e de 2 personnes fin 2009 \u00e0 35 personnes en 2016 et a atteint le seuil de rentabilit\u00e9 en 2012.<\/span><\/p>    <\/div>\n<\/div>\n<!-- \/module text -->        <\/div>\n                    <div  data-lazy=\"1\" class=\"module_column tb-column col4-2 tb_k8eq174 last\">\n                    <!-- module text -->\n<div  class=\"module module-text tb_2le9174   \" data-lazy=\"1\">\n        <div  class=\"tb_text_wrap\">\n        <h2>Pionniers des nouvelles technologies<\/h2>    <\/div>\n<\/div>\n<!-- \/module text --><!-- module text -->\n<div  class=\"module module-text tb_sr0l174   \" data-lazy=\"1\">\n        <div  class=\"tb_text_wrap\">\n        <p style=\"text-align: justify;\"><span style=\"font-size: 16px;\">ART logics a d\u00e9velopp\u00e9 une technologie propri\u00e9taire d&rsquo;\u00e9quipement et de logiciel, capable de tester avec une seule plateforme tous les types de contr\u00f4leurs automobiles int\u00e9gr\u00e9s pour tous leurs besoins de test, de la phase de conception du contr\u00f4leur \u00e0 la phase de validation, la phase de production et la phase d&rsquo;apr\u00e8s-vente.\nUne plateforme de test totalement et v\u00e9ritablement transversale. <\/span><br><\/p>    <\/div>\n<\/div>\n<!-- \/module text --><!-- module image -->\n<div  class=\"module module-image tb_ga9k174 image-center   tf_mw\" data-lazy=\"1\" data-parallax-element-speed=\"2\" data-lax-translate-y=\"vh 1,0 -140\" data-lax=\"true\">\n        <div class=\"image-wrap tf_rel tf_mw\">\n            <img loading=\"lazy\" decoding=\"async\" src=\"https:\/\/www.art-logics.com\/wp-content\/uploads\/2023\/12\/CAR-INTERIOR-648x417.png\" width=\"648\" height=\"417\" class=\"wp-post-image wp-image-2828\" title=\"CAR INTERIOR\" alt=\"CAR INTERIOR\">    \n        <\/div>\n    <!-- \/image-wrap -->\n    \n        <\/div>\n<!-- \/module image -->        <\/div>\n                        <\/div>\n        <\/div>\n                        <div  data-lazy=\"1\" class=\"module_row themify_builder_row tb_osy3344 tf_w hide-desktop hide-tablet hide-tablet_landscape\">\n                        <div class=\"row_inner col_align_top tb_col_count_1 tf_box tf_rel\">\n                        <div  data-lazy=\"1\" class=\"module_column tb-column col-full tb_mdqv344 first\">\n                    <!-- module text -->\n<div  class=\"module module-text tb_bvwb344   \" data-lazy=\"1\" data-parallax-element-speed=\"1\" data-lax-translate-y=\"vh 1,0 70\" data-lax=\"true\">\n        <div  class=\"tb_text_wrap\">\n        <h1><span style=\"color: rgb(201, 0, 0);\">Nos d\u00e9buts<\/span><\/h1>\n<p style=\"text-align: left;\">Cr\u00e9\u00e9 en 2009, Arts logics est un concepteur et distributeur international, bas\u00e9 \u00e0 Shanghai en CHINE et en FRANCE, de plateformes d&rsquo;\u00e9quipements de syst\u00e8mes de test automobile pour les tests professionnels de fiabilit\u00e9 fonctionnelle (environnementale) et de ligne de production de tous les contr\u00f4leurs embarqu\u00e9s automobiles tels que les contr\u00f4leurs de moteur (ECU), la direction assist\u00e9e \u00e9lectronique (EPS), le contr\u00f4leur d&rsquo;airbag (ACU), la gestion de la batterie (BMS), le contr\u00f4leur de v\u00e9hicule (VCU), l&rsquo;ABS et bien d&rsquo;autres encore.<\/p><p style=\"text-align: left;\"><span style=\"background-color: initial; font-size: 1em;\">L&rsquo;entreprise est pass\u00e9e de 2 personnes fin 2009 \u00e0 35 personnes en 2016 et a atteint le seuil de rentabilit\u00e9 en 2012.<\/span><\/p>    <\/div>\n<\/div>\n<!-- \/module text --><!-- module text -->\n<div  class=\"module module-text tb_9jls344   \" data-lazy=\"1\">\n        <div  class=\"tb_text_wrap\">\n        <h2>Pionniers des nouvelles technologies<\/h2>    <\/div>\n<\/div>\n<!-- \/module text --><!-- module text -->\n<div  class=\"module module-text tb_rh8u344   \" data-lazy=\"1\">\n        <div  class=\"tb_text_wrap\">\n        <p style=\"text-align: left;\"><span style=\"font-size: 16px;\">ART logics a d\u00e9velopp\u00e9 une technologie propri\u00e9taire d&rsquo;\u00e9quipement et de logiciel, capable de tester avec une seule plateforme tous les types de contr\u00f4leurs automobiles int\u00e9gr\u00e9s pour tous leurs besoins de test, de la phase de conception du contr\u00f4leur \u00e0 la phase de validation, la phase de production et la phase d&rsquo;apr\u00e8s-vente.\nUne plateforme de test totalement et v\u00e9ritablement transversale. <\/span><br><\/p>    <\/div>\n<\/div>\n<!-- \/module text --><!-- module image -->\n<div  class=\"module module-image tb_wbzu344 image-center   tf_mw\" data-lazy=\"1\" data-parallax-element-speed=\"2\" data-lax-translate-y=\"vh 1,0 -140\" data-lax=\"true\">\n        <div class=\"image-wrap tf_rel tf_mw\">\n            <img loading=\"lazy\" decoding=\"async\" src=\"https:\/\/www.art-logics.com\/wp-content\/uploads\/2023\/12\/CAR-INTERIOR-648x417.png\" width=\"648\" height=\"417\" class=\"wp-post-image wp-image-2828\" title=\"CAR INTERIOR\" alt=\"CAR INTERIOR\">    \n        <\/div>\n    <!-- \/image-wrap -->\n    \n        <\/div>\n<!-- \/module image -->        <\/div>\n                        <\/div>\n        <\/div>\n                        <div  data-css_id=\"xwqz174\" data-lazy=\"1\" class=\"module_row themify_builder_row fullwidth_row_container tb_xwqz174 tf_w\">\n            <span  class=\"builder_row_cover tf_abs\" data-lazy=\"1\"><\/span>            <div class=\"row_inner col_align_top tb_col_count_1 tf_box tf_rel\">\n                        <div  data-lazy=\"1\" class=\"module_column tb-column col-full tb_8i48174 first\">\n                    <!-- module text -->\n<div  class=\"module module-text tb_bz7r174   \" data-lazy=\"1\">\n        <div  class=\"tb_text_wrap\">\n        <h2>Votre carri\u00e8re commence ici<\/h2>\n<p>Nous vous invitons \u00e0 faire partie d&rsquo;une \u00e9quipe dynamique, o\u00f9 vos comp\u00e9tences sont appr\u00e9ci\u00e9es et o\u00f9 vos contributions ont un impact r\u00e9el.\nC&rsquo;est l&rsquo;occasion de collaborer, d&rsquo;innover et d&rsquo;\u00e9voluer professionnellement dans un environnement de travail favorable et inclusif. <\/p>    <\/div>\n<\/div>\n<!-- \/module text --><!-- module buttons -->\n<div  class=\"module module-buttons tb_rclg174 buttons-horizontal solid   circle\" data-lazy=\"1\">\n        <div class=\"module-buttons-item tf_in_flx\">\n                        <a href=\"https:\/\/www.art-logics.com\/fr\/contact\/\" class=\"ui builder_button tf_in_flx orange\" >\n                                                POSEZ VOTRE CANDIDATURE D\u00c8S MAINTENANT                                        <\/a>\n                <\/div>\n            <\/div>\n<!-- \/module buttons -->\n        <\/div>\n                        <\/div>\n        <\/div>\n                        <div  data-lazy=\"1\" class=\"module_row themify_builder_row tb_vfxk47 tf_w hide-mobile\">\n                        <div class=\"row_inner col_align_top tb_col_count_1 tf_box tf_rel\">\n                        <div  data-lazy=\"1\" class=\"module_column tb-column col-full tb_qhw548 first\">\n                            <div  data-lazy=\"1\" class=\"module_subrow themify_builder_sub_row tf_w col_align_top tb_col_count_5 tb_17x9748\">\n                <div  data-lazy=\"1\" class=\"module_column sub_column col5-1 tb_17hf748 first\">\n                    <!-- module buttons -->\n<div  class=\"module module-buttons tb_ewuj31 buttons-horizontal solid  large buttons-fullwidth\" data-lazy=\"1\">\n        <div class=\"module-buttons-item tf_in_flx\">\n                        <a href=\"https:\/\/www.art-logics.com\/fr\/a-propos-de-nous\/#Services\" class=\"ui builder_button tf_in_flx red\" >\n                                                RETOUR                                        <\/a>\n                <\/div>\n            <\/div>\n<!-- \/module buttons -->\n        <\/div>\n                    <div  data-lazy=\"1\" class=\"module_column sub_column col5-1 tb_06gt748\">\n                            <\/div>\n                    <div  data-lazy=\"1\" class=\"module_column sub_column col5-1 tb_5ssu748\">\n                            <\/div>\n                    <div  data-lazy=\"1\" class=\"module_column sub_column col5-1 tb_xr2z748\">\n                            <\/div>\n                    <div  data-lazy=\"1\" class=\"module_column sub_column col5-1 tb_5y5z748 last\">\n                            <\/div>\n                    <\/div>\n                <\/div>\n                        <\/div>\n        <\/div>\n                        <div  data-lazy=\"1\" class=\"module_row themify_builder_row tb_7m5z847 tf_w hide-desktop hide-tablet hide-tablet_landscape\">\n                        <div class=\"row_inner col_align_top tb_col_count_1 tf_box tf_rel\">\n                        <div  data-lazy=\"1\" class=\"module_column tb-column col-full tb_unuz847 first\">\n                            <div  data-lazy=\"1\" class=\"module_subrow themify_builder_sub_row tf_w col_align_top tb_col_count_1 tb_hkf3847\">\n                <div  data-lazy=\"1\" class=\"module_column sub_column col-full tb_tlp0848 first\">\n                    <!-- module buttons -->\n<div  class=\"module module-buttons tb_k270848 buttons-horizontal solid  large buttons-fullwidth\" data-lazy=\"1\">\n        <div class=\"module-buttons-item tf_in_flx\">\n                        <a href=\"https:\/\/www.art-logics.com\/fr\/a-propos-de-nous\/#Services\" class=\"ui builder_button tf_in_flx red\" >\n                                                RETOUR                                        <\/a>\n                <\/div>\n            <\/div>\n<!-- \/module buttons -->\n        <\/div>\n                    <\/div>\n                <\/div>\n                        <\/div>\n        <\/div>\n        <\/div>\n<!--\/themify_builder_content--><p><\/p>","protected":false},"excerpt":{"rendered":"","protected":false},"author":1,"featured_media":0,"parent":0,"menu_order":0,"comment_status":"closed","ping_status":"closed","template":"","meta":{"footnotes":""},"class_list":["post-3577","page","type-page","status-publish","hentry","has-post-title","has-post-date","has-post-category","has-post-tag","has-post-comment","has-post-author",""],"yoast_head":"<!-- This site is optimized with the Yoast SEO plugin v27.5 - https:\/\/yoast.com\/product\/yoast-seo-wordpress\/ -->\n<title>Notre \u00e9quipe - Art-Logics<\/title>\n<meta name=\"robots\" content=\"index, follow, max-snippet:-1, max-image-preview:large, max-video-preview:-1\" \/>\n<link rel=\"canonical\" href=\"https:\/\/www.art-logics.com\/fr\/notre-equipe\/\" \/>\n<meta property=\"og:locale\" content=\"fr_FR\" \/>\n<meta property=\"og:type\" content=\"article\" \/>\n<meta property=\"og:title\" content=\"Notre \u00e9quipe - Art-Logics\" \/>\n<meta property=\"og:url\" content=\"https:\/\/www.art-logics.com\/fr\/notre-equipe\/\" \/>\n<meta property=\"og:site_name\" content=\"Art-Logics\" \/>\n<meta property=\"article:modified_time\" content=\"2024-11-12T07:44:52+00:00\" \/>\n<meta property=\"og:image\" content=\"https:\/\/www.art-logics.com\/wp-content\/uploads\/2023\/12\/CAR-INTERIOR.png\" \/>\n\t<meta property=\"og:image:width\" content=\"768\" \/>\n\t<meta property=\"og:image:height\" content=\"432\" \/>\n\t<meta property=\"og:image:type\" content=\"image\/png\" \/>\n<meta name=\"twitter:card\" content=\"summary_large_image\" \/>\n<meta name=\"twitter:label1\" content=\"Dur\u00e9e de lecture estim\u00e9e\" \/>\n\t<meta name=\"twitter:data1\" content=\"2 minutes\" \/>\n<script type=\"application\/ld+json\" class=\"yoast-schema-graph\">{\"@context\":\"https:\\\/\\\/schema.org\",\"@graph\":[{\"@type\":\"WebPage\",\"@id\":\"https:\\\/\\\/www.art-logics.com\\\/fr\\\/notre-equipe\\\/\",\"url\":\"https:\\\/\\\/www.art-logics.com\\\/fr\\\/notre-equipe\\\/\",\"name\":\"Notre \u00e9quipe - Art-Logics\",\"isPartOf\":{\"@id\":\"https:\\\/\\\/www.art-logics.com\\\/fr\\\/#website\"},\"primaryImageOfPage\":{\"@id\":\"https:\\\/\\\/www.art-logics.com\\\/fr\\\/notre-equipe\\\/#primaryimage\"},\"image\":{\"@id\":\"https:\\\/\\\/www.art-logics.com\\\/fr\\\/notre-equipe\\\/#primaryimage\"},\"thumbnailUrl\":\"https:\\\/\\\/www.art-logics.com\\\/wp-content\\\/uploads\\\/2023\\\/12\\\/CAR-INTERIOR-648x417.png\",\"datePublished\":\"2023-11-22T21:31:37+00:00\",\"dateModified\":\"2024-11-12T07:44:52+00:00\",\"breadcrumb\":{\"@id\":\"https:\\\/\\\/www.art-logics.com\\\/fr\\\/notre-equipe\\\/#breadcrumb\"},\"inLanguage\":\"fr-FR\",\"potentialAction\":[{\"@type\":\"ReadAction\",\"target\":[\"https:\\\/\\\/www.art-logics.com\\\/fr\\\/notre-equipe\\\/\"]}]},{\"@type\":\"ImageObject\",\"inLanguage\":\"fr-FR\",\"@id\":\"https:\\\/\\\/www.art-logics.com\\\/fr\\\/notre-equipe\\\/#primaryimage\",\"url\":\"https:\\\/\\\/www.art-logics.com\\\/wp-content\\\/uploads\\\/2023\\\/12\\\/CAR-INTERIOR-648x417.png\",\"contentUrl\":\"https:\\\/\\\/www.art-logics.com\\\/wp-content\\\/uploads\\\/2023\\\/12\\\/CAR-INTERIOR-648x417.png\"},{\"@type\":\"BreadcrumbList\",\"@id\":\"https:\\\/\\\/www.art-logics.com\\\/fr\\\/notre-equipe\\\/#breadcrumb\",\"itemListElement\":[{\"@type\":\"ListItem\",\"position\":1,\"name\":\"Home\",\"item\":\"https:\\\/\\\/www.art-logics.com\\\/fr\\\/\"},{\"@type\":\"ListItem\",\"position\":2,\"name\":\"Notre \u00e9quipe\"}]},{\"@type\":\"WebSite\",\"@id\":\"https:\\\/\\\/www.art-logics.com\\\/fr\\\/#website\",\"url\":\"https:\\\/\\\/www.art-logics.com\\\/fr\\\/\",\"name\":\"Art-Logics\",\"description\":\"Automotive Test Solutions\",\"potentialAction\":[{\"@type\":\"SearchAction\",\"target\":{\"@type\":\"EntryPoint\",\"urlTemplate\":\"https:\\\/\\\/www.art-logics.com\\\/fr\\\/?s={search_term_string}\"},\"query-input\":{\"@type\":\"PropertyValueSpecification\",\"valueRequired\":true,\"valueName\":\"search_term_string\"}}],\"inLanguage\":\"fr-FR\"}]}<\/script>\n<!-- \/ Yoast SEO plugin. -->","yoast_head_json":{"title":"Notre \u00e9quipe - Art-Logics","robots":{"index":"index","follow":"follow","max-snippet":"max-snippet:-1","max-image-preview":"max-image-preview:large","max-video-preview":"max-video-preview:-1"},"canonical":"https:\/\/www.art-logics.com\/fr\/notre-equipe\/","og_locale":"fr_FR","og_type":"article","og_title":"Notre \u00e9quipe - Art-Logics","og_url":"https:\/\/www.art-logics.com\/fr\/notre-equipe\/","og_site_name":"Art-Logics","article_modified_time":"2024-11-12T07:44:52+00:00","og_image":[{"width":768,"height":432,"url":"https:\/\/www.art-logics.com\/wp-content\/uploads\/2023\/12\/CAR-INTERIOR.png","type":"image\/png"}],"twitter_card":"summary_large_image","twitter_misc":{"Dur\u00e9e de lecture estim\u00e9e":"2 minutes"},"schema":{"@context":"https:\/\/schema.org","@graph":[{"@type":"WebPage","@id":"https:\/\/www.art-logics.com\/fr\/notre-equipe\/","url":"https:\/\/www.art-logics.com\/fr\/notre-equipe\/","name":"Notre \u00e9quipe - Art-Logics","isPartOf":{"@id":"https:\/\/www.art-logics.com\/fr\/#website"},"primaryImageOfPage":{"@id":"https:\/\/www.art-logics.com\/fr\/notre-equipe\/#primaryimage"},"image":{"@id":"https:\/\/www.art-logics.com\/fr\/notre-equipe\/#primaryimage"},"thumbnailUrl":"https:\/\/www.art-logics.com\/wp-content\/uploads\/2023\/12\/CAR-INTERIOR-648x417.png","datePublished":"2023-11-22T21:31:37+00:00","dateModified":"2024-11-12T07:44:52+00:00","breadcrumb":{"@id":"https:\/\/www.art-logics.com\/fr\/notre-equipe\/#breadcrumb"},"inLanguage":"fr-FR","potentialAction":[{"@type":"ReadAction","target":["https:\/\/www.art-logics.com\/fr\/notre-equipe\/"]}]},{"@type":"ImageObject","inLanguage":"fr-FR","@id":"https:\/\/www.art-logics.com\/fr\/notre-equipe\/#primaryimage","url":"https:\/\/www.art-logics.com\/wp-content\/uploads\/2023\/12\/CAR-INTERIOR-648x417.png","contentUrl":"https:\/\/www.art-logics.com\/wp-content\/uploads\/2023\/12\/CAR-INTERIOR-648x417.png"},{"@type":"BreadcrumbList","@id":"https:\/\/www.art-logics.com\/fr\/notre-equipe\/#breadcrumb","itemListElement":[{"@type":"ListItem","position":1,"name":"Home","item":"https:\/\/www.art-logics.com\/fr\/"},{"@type":"ListItem","position":2,"name":"Notre \u00e9quipe"}]},{"@type":"WebSite","@id":"https:\/\/www.art-logics.com\/fr\/#website","url":"https:\/\/www.art-logics.com\/fr\/","name":"Art-Logics","description":"Automotive Test Solutions","potentialAction":[{"@type":"SearchAction","target":{"@type":"EntryPoint","urlTemplate":"https:\/\/www.art-logics.com\/fr\/?s={search_term_string}"},"query-input":{"@type":"PropertyValueSpecification","valueRequired":true,"valueName":"search_term_string"}}],"inLanguage":"fr-FR"}]}},"builder_content":"<h1>NOTRE \u00c9QUIPE<\/h1>\n<h1>Nos d\u00e9buts<\/h1> <p style=\"text-align: justify;\">Cr\u00e9\u00e9 en 2009, Arts logics est un concepteur et distributeur international, bas\u00e9 \u00e0 Shanghai en CHINE et en FRANCE, de plateformes d'\u00e9quipements de syst\u00e8mes de test automobile pour les tests professionnels de fiabilit\u00e9 fonctionnelle (environnementale) et de ligne de production de tous les contr\u00f4leurs embarqu\u00e9s automobiles tels que les contr\u00f4leurs de moteur (ECU), la direction assist\u00e9e \u00e9lectronique (EPS), le contr\u00f4leur d'airbag (ACU), la gestion de la batterie (BMS), le contr\u00f4leur de v\u00e9hicule (VCU), l'ABS et bien d'autres encore.<\/p><p style=\"text-align: justify;\">L'entreprise est pass\u00e9e de 2 personnes fin 2009 \u00e0 35 personnes en 2016 et a atteint le seuil de rentabilit\u00e9 en 2012.<\/p>\n<h2>Pionniers des nouvelles technologies<\/h2>\n<p style=\"text-align: justify;\">ART logics a d\u00e9velopp\u00e9 une technologie propri\u00e9taire d'\u00e9quipement et de logiciel, capable de tester avec une seule plateforme tous les types de contr\u00f4leurs automobiles int\u00e9gr\u00e9s pour tous leurs besoins de test, de la phase de conception du contr\u00f4leur \u00e0 la phase de validation, la phase de production et la phase d'apr\u00e8s-vente. Une plateforme de test totalement et v\u00e9ritablement transversale. <br><\/p>\n<img src=\"https:\/\/www.art-logics.com\/wp-content\/uploads\/2023\/12\/CAR-INTERIOR-648x417.png\" width=\"648\" height=\"417\" title=\"CAR INTERIOR\" alt=\"CAR INTERIOR\">\n<h1>Nos d\u00e9buts<\/h1> <p style=\"text-align: left;\">Cr\u00e9\u00e9 en 2009, Arts logics est un concepteur et distributeur international, bas\u00e9 \u00e0 Shanghai en CHINE et en FRANCE, de plateformes d'\u00e9quipements de syst\u00e8mes de test automobile pour les tests professionnels de fiabilit\u00e9 fonctionnelle (environnementale) et de ligne de production de tous les contr\u00f4leurs embarqu\u00e9s automobiles tels que les contr\u00f4leurs de moteur (ECU), la direction assist\u00e9e \u00e9lectronique (EPS), le contr\u00f4leur d'airbag (ACU), la gestion de la batterie (BMS), le contr\u00f4leur de v\u00e9hicule (VCU), l'ABS et bien d'autres encore.<\/p><p style=\"text-align: left;\">L'entreprise est pass\u00e9e de 2 personnes fin 2009 \u00e0 35 personnes en 2016 et a atteint le seuil de rentabilit\u00e9 en 2012.<\/p>\n<h2>Pionniers des nouvelles technologies<\/h2>\n<p style=\"text-align: left;\">ART logics a d\u00e9velopp\u00e9 une technologie propri\u00e9taire d'\u00e9quipement et de logiciel, capable de tester avec une seule plateforme tous les types de contr\u00f4leurs automobiles int\u00e9gr\u00e9s pour tous leurs besoins de test, de la phase de conception du contr\u00f4leur \u00e0 la phase de validation, la phase de production et la phase d'apr\u00e8s-vente. Une plateforme de test totalement et v\u00e9ritablement transversale. <br><\/p>\n<img src=\"https:\/\/www.art-logics.com\/wp-content\/uploads\/2023\/12\/CAR-INTERIOR-648x417.png\" width=\"648\" height=\"417\" title=\"CAR INTERIOR\" alt=\"CAR INTERIOR\">\n<h2>Votre carri\u00e8re commence ici<\/h2> <p>Nous vous invitons \u00e0 faire partie d'une \u00e9quipe dynamique, o\u00f9 vos comp\u00e9tences sont appr\u00e9ci\u00e9es et o\u00f9 vos contributions ont un impact r\u00e9el. C'est l'occasion de collaborer, d'innover et d'\u00e9voluer professionnellement dans un environnement de travail favorable et inclusif. <\/p>\n<a href=\"https:\/\/www.art-logics.com\/fr\/contact\/\" > POSEZ VOTRE CANDIDATURE D\u00c8S MAINTENANT <\/a>\n<a href=\"https:\/\/www.art-logics.com\/fr\/a-propos-de-nous\/#Services\" > RETOUR <\/a>\n<a href=\"https:\/\/www.art-logics.com\/fr\/a-propos-de-nous\/#Services\" > RETOUR <\/a>","_links":{"self":[{"href":"https:\/\/www.art-logics.com\/fr\/wp-json\/wp\/v2\/pages\/3577","targetHints":{"allow":["GET"]}}],"collection":[{"href":"https:\/\/www.art-logics.com\/fr\/wp-json\/wp\/v2\/pages"}],"about":[{"href":"https:\/\/www.art-logics.com\/fr\/wp-json\/wp\/v2\/types\/page"}],"author":[{"embeddable":true,"href":"https:\/\/www.art-logics.com\/fr\/wp-json\/wp\/v2\/users\/1"}],"replies":[{"embeddable":true,"href":"https:\/\/www.art-logics.com\/fr\/wp-json\/wp\/v2\/comments?post=3577"}],"version-history":[{"count":13,"href":"https:\/\/www.art-logics.com\/fr\/wp-json\/wp\/v2\/pages\/3577\/revisions"}],"predecessor-version":[{"id":4569,"href":"https:\/\/www.art-logics.com\/fr\/wp-json\/wp\/v2\/pages\/3577\/revisions\/4569"}],"wp:attachment":[{"href":"https:\/\/www.art-logics.com\/fr\/wp-json\/wp\/v2\/media?parent=3577"}],"curies":[{"name":"wp","href":"https:\/\/api.w.org\/{rel}","templated":true}]}}