{"id":6708,"date":"2025-06-11T13:25:52","date_gmt":"2025-06-11T05:25:52","guid":{"rendered":"https:\/\/www.art-logics.com\/cas-dutilisation-20250515-2-copie-2\/"},"modified":"2026-03-03T16:21:53","modified_gmt":"2026-03-03T08:21:53","slug":"use-case-20250515-2-can-application-fr","status":"publish","type":"page","link":"https:\/\/www.art-logics.com\/fr\/use-case-20250515-2-can-application-fr\/","title":{"rendered":"CAS D&rsquo;UTILISATION\uff1aAPPLICATION DE LA CANETTE"},"content":{"rendered":"<!--themify_builder_content-->\n<div id=\"themify_builder_content-6708\" data-postid=\"6708\" class=\"themify_builder_content themify_builder_content-6708 themify_builder tf_clear\">\n                    <div  data-css_id=\"w9zj743\" data-lazy=\"1\" class=\"module_row themify_builder_row fullwidth tb_w9zj743 tb_first tf_w\">\n            <span  class=\"builder_row_cover tf_abs\" data-lazy=\"1\"><\/span>            <div class=\"row_inner col_align_top tb_col_count_1 tf_box tf_rel\">\n                        <div  data-lazy=\"1\" class=\"module_column tb-column col-full tb_7vzz570 first\">\n                    <!-- module fancy heading -->\n<div  class=\"module module-fancy-heading tb_pcus700  tb_hide_divider\" data-lazy=\"1\">\n        <h1 class=\"fancy-heading\">\n    <span class=\"main-head tf_block\">\n                    APPLICATION DE LA CANETTE            <\/span>\n\n    \n    <span class=\"sub-head tf_block tf_rel\">\n                                <\/span>\n    <\/h1>\n<\/div>\n<!-- \/module fancy heading -->\n        <\/div>\n                        <\/div>\n        <\/div>\n                        <div  data-css_id=\"eqbu076\" data-lazy=\"1\" class=\"module_row themify_builder_row fullwidth_row_container tb_eqbu076 tf_w\">\n                        <div class=\"row_inner col_align_top tb_col_count_2 tf_box tf_rel\">\n                        <div  data-lazy=\"1\" class=\"module_column tb-column col4-2 tb_bg3d330 first\">\n                    <!-- module fancy heading -->\n<div  class=\"module module-fancy-heading tb_9llf787  tb_hide_divider\" data-lazy=\"1\">\n        <h1 class=\"fancy-heading\">\n    <span class=\"main-head tf_block\">\n                    Quelles sont les applications de test des outils de communication CAN d'ART Logics ?            <\/span>\n\n    \n    <span class=\"sub-head tf_block tf_rel\">\n                                <\/span>\n    <\/h1>\n<\/div>\n<!-- \/module fancy heading -->\n<!-- module text -->\n<div  class=\"module module-text tb_wp51000   \" data-lazy=\"1\">\n        <div  class=\"tb_text_wrap\">\n        <p>Les outils de communication CAN sont essentiels pour valider et interagir avec les unit\u00e9s de contr\u00f4le \u00e9lectronique (ECU) automobiles qui communiquent sur des bus num\u00e9riques tels que CAN FD, LIN et 100Base-T1. Ces bus constituent l&rsquo;\u00e9pine dorsale des architectures automobiles modernes, permettant l&rsquo;\u00e9change de donn\u00e9es entre les syst\u00e8mes embarqu\u00e9s pour les fonctions critiques du v\u00e9hicule telles que le contr\u00f4le du groupe motopropulseur, l&rsquo;\u00e9lectronique de la carrosserie et les syst\u00e8mes avanc\u00e9s d&rsquo;aide \u00e0 la conduite (ADAS). <\/p>\n<p>ART Logics propose une plateforme autonome et enti\u00e8rement configurable pour contr\u00f4ler, stimuler et valider la communication sur ces r\u00e9seaux automobiles. Le contr\u00f4leur CAN-6FD offre un support performant pour CAN FD, LIN, 100Base-T1 et les E\/S num\u00e9riques, et peut \u00eatre utilis\u00e9 pour ex\u00e9cuter des s\u00e9quences de test, enregistrer les r\u00e9sultats et v\u00e9rifier le comportement de l&rsquo;ECU \u00e0 la fois pendant le d\u00e9veloppement et dans les environnements de production. Avec de multiples interfaces de communication (Ethernet TCP, USB-C, RS-232) et un fonctionnement autonome via une carte SD, il permet une int\u00e9gration flexible dans les bancs d&rsquo;essai ou les configurations de diagnostic mobiles.  <\/p>    <\/div>\n<\/div>\n<!-- \/module text -->        <\/div>\n                    <div  data-lazy=\"1\" class=\"module_column tb-column col4-2 tb_g19q700 last\">\n                    <!-- module text -->\n<div  class=\"module module-text tb_ku1t860   \" data-lazy=\"1\">\n        <div  class=\"tb_text_wrap\">\n        <p>Produits supportant l&rsquo;application CAN :<\/p>    <\/div>\n<\/div>\n<!-- \/module text -->        <div  data-lazy=\"1\" class=\"module_subrow themify_builder_sub_row tf_w col_align_top tb_col_count_1 tb_a7u8337 tb_link_outline\" data-tb_link=\"https:\/\/www.art-logics.com\/can-tool-2-4-channel-module\/\">\n                <div  data-lazy=\"1\" class=\"module_column sub_column col-full tb_zfk6087 first\" data-tb_link=\"https:\/\/www.art-logics.com\/fr\/can-tool-2-4-channel-module-fr\/\" data-tb_link_new=\"1\">\n                            <div  data-lazy=\"1\" class=\"module_subrow themify_builder_sub_row tf_w col_align_top tb_col_count_3 tb_ofoe970\">\n                <div  data-lazy=\"1\" class=\"module_column sub_column col3-1 tb_bdkz516 first\">\n                    <!-- module icon -->\n<div  class=\"module module-icon tb_4yn8530  large  icon_horizontal \" data-lazy=\"1\">\n\t\t\t<div class=\"module-icon-item\">\n\t\t\t\t\t\t\t\t\t\t\t\t\t\t\t\t<em class=\"tf_box\"\n\t\t\t\t\t\t\t\t\t\t\t\t style=\"color:#000000\"\t\t\t\t\t><svg  class=\"tf_fa tf-far-dot-circle\" xmlns:xlink=\"http:\/\/www.w3.org\/1999\/xlink\" aria-hidden=\"true\"><use href=\"#tf-far-dot-circle\" xlink:href=\"#tf-far-dot-circle\"><\/use><\/svg><\/em>\n\t\t\t\t\t\t\t\t\t\t\t\t\t\t<\/div>\n\t<\/div>\n<!-- \/module icon -->\n        <\/div>\n                    <div  data-lazy=\"1\" class=\"module_column sub_column col3-1 tb_uh3d212\">\n                    <!-- module text -->\n<div  class=\"module module-text tb_ddti47   \" data-lazy=\"1\">\n        <div  class=\"tb_text_wrap\">\n        <p class=\"p1\"><b>CAN Tool-2\/4 Channel Module<\/b><\/p>    <\/div>\n<\/div>\n<!-- \/module text -->        <\/div>\n                    <div  data-lazy=\"1\" class=\"module_column sub_column col3-1 tb_a3go516 last\">\n                    <!-- module icon -->\n<div  class=\"module module-icon tb_4xk6663  large  icon_horizontal \" data-lazy=\"1\">\n\t\t\t<div class=\"module-icon-item\">\n\t\t\t\t\t\t\t\t\t\t\t\t\t\t\t\t<em class=\"tf_box\"\n\t\t\t\t\t\t\t\t\t\t\t\t style=\"color:#000000\"\t\t\t\t\t><svg  class=\"tf_fa tf-ti-angle-right\" xmlns:xlink=\"http:\/\/www.w3.org\/1999\/xlink\" aria-hidden=\"true\"><use href=\"#tf-ti-angle-right\" xlink:href=\"#tf-ti-angle-right\"><\/use><\/svg><\/em>\n\t\t\t\t\t\t\t\t\t\t\t\t\t\t<\/div>\n\t<\/div>\n<!-- \/module icon -->\n        <\/div>\n                    <\/div>\n                <\/div>\n                    <\/div>\n                <div  data-lazy=\"1\" class=\"module_subrow themify_builder_sub_row tf_w col_align_top tb_col_count_1 tb_pv6s307 tb_link_outline\" data-tb_link=\"https:\/\/www.art-logics.com\/can-tool-6-8-channel-module\/\">\n                <div  data-lazy=\"1\" class=\"module_column sub_column col-full tb_9qiz101 first\" data-tb_link=\"https:\/\/www.art-logics.com\/fr\/can-tool-6-8-channel-module-fr\/\" data-tb_link_new=\"1\">\n                            <div  data-lazy=\"1\" class=\"module_subrow themify_builder_sub_row tf_w col_align_top tb_col_count_3 tb_h39j088\">\n                <div  data-lazy=\"1\" class=\"module_column sub_column col3-1 tb_shdp144 first\">\n                    <!-- module icon -->\n<div  class=\"module module-icon tb_giqz144  large  icon_horizontal \" data-lazy=\"1\">\n\t\t\t<div class=\"module-icon-item\">\n\t\t\t\t\t\t\t\t\t\t\t\t\t\t\t\t<em class=\"tf_box\"\n\t\t\t\t\t\t\t\t\t\t\t\t style=\"color:#000000\"\t\t\t\t\t><svg  class=\"tf_fa tf-far-dot-circle\" xmlns:xlink=\"http:\/\/www.w3.org\/1999\/xlink\" aria-hidden=\"true\"><use href=\"#tf-far-dot-circle\" xlink:href=\"#tf-far-dot-circle\"><\/use><\/svg><\/em>\n\t\t\t\t\t\t\t\t\t\t\t\t\t\t<\/div>\n\t<\/div>\n<!-- \/module icon -->\n        <\/div>\n                    <div  data-lazy=\"1\" class=\"module_column sub_column col3-1 tb_99cg144\">\n                    <!-- module text -->\n<div  class=\"module module-text tb_wzs5144   \" data-lazy=\"1\">\n        <div  class=\"tb_text_wrap\">\n        <p class=\"p1\"><b>CAN Tool-6\/8 Channel Module<\/b><\/p>    <\/div>\n<\/div>\n<!-- \/module text -->        <\/div>\n                    <div  data-lazy=\"1\" class=\"module_column sub_column col3-1 tb_bjda144 last\">\n                    <!-- module icon -->\n<div  class=\"module module-icon tb_0yu7144  large  icon_horizontal \" data-lazy=\"1\">\n\t\t\t<div class=\"module-icon-item\">\n\t\t\t\t\t\t\t\t\t\t\t\t\t\t\t\t<em class=\"tf_box\"\n\t\t\t\t\t\t\t\t\t\t\t\t style=\"color:#000000\"\t\t\t\t\t><svg  class=\"tf_fa tf-ti-angle-right\" xmlns:xlink=\"http:\/\/www.w3.org\/1999\/xlink\" aria-hidden=\"true\"><use href=\"#tf-ti-angle-right\" xlink:href=\"#tf-ti-angle-right\"><\/use><\/svg><\/em>\n\t\t\t\t\t\t\t\t\t\t\t\t\t\t<\/div>\n\t<\/div>\n<!-- \/module icon -->\n        <\/div>\n                    <\/div>\n                <\/div>\n                    <\/div>\n                <\/div>\n                        <\/div>\n        <\/div>\n                        <div  data-css_id=\"q58i308\" data-lazy=\"1\" class=\"module_row themify_builder_row fullwidth_row_container tb_q58i308 tf_w\">\n                        <div class=\"row_inner col_align_top tb_col_count_1 tf_box tf_rel\">\n                        <div  data-lazy=\"1\" class=\"module_column tb-column col-full tb_dnyp708 first\">\n                    <!-- module fancy heading -->\n<div  class=\"module module-fancy-heading tb_h1na371  tb_hide_divider\" data-lazy=\"1\">\n        <h1 class=\"fancy-heading tf_textl\">\n    <span class=\"main-head tf_block\">\n                    D\u00e9couvrez les articles consacr\u00e9s \u00e0 nos produits CAN :            <\/span>\n\n    \n    <span class=\"sub-head tf_block tf_rel\">\n                                <\/span>\n    <\/h1>\n<\/div>\n<!-- \/module fancy heading -->\n        <\/div>\n                        <\/div>\n        <\/div>\n                        <div  data-css_id=\"mcb0080\" data-lazy=\"1\" class=\"module_row themify_builder_row fullwidth_row_container tb_mcb0080 tf_w\">\n                        <div class=\"row_inner col_align_top tb_col_count_2 tf_box tf_rel\">\n                        <div  data-lazy=\"1\" class=\"module_column tb-column col4-2 tb_x434730 first\" data-tb_link=\"https:\/\/www.art-logics.com\/fr\/use-case-transformez-le-test-automobile-avec-les-controleurs-de-test-can-avances-dart-logics-fr\/\" data-tb_link_new=\"1\">\n                    <!-- module image -->\n<div  class=\"module module-image tb_kb1o478 image-top   tf_mw\" data-lazy=\"1\">\n        <div class=\"image-wrap tf_rel tf_mw\">\n            <img loading=\"lazy\" decoding=\"async\" src=\"https:\/\/www.art-logics.com\/wp-content\/uploads\/2025\/12\/CAN-TOOL-24-CHANNEL-MODULE-1024x682-569x372.png\" width=\"569\" height=\"372\" class=\"wp-post-image wp-image-12765\" title=\"CAN TOOL-24 CHANNEL MODULE\" alt=\"CAN TOOL-24 CHANNEL MODULE\">    \n        <\/div>\n    <!-- \/image-wrap -->\n    \n        <\/div>\n<!-- \/module image --><!-- module text -->\n<div  class=\"module module-text tb_f9rq880   \" data-lazy=\"1\">\n        <div  class=\"tb_text_wrap\">\n        <h4>Transformez les tests automobiles avec les contr\u00f4leurs de test CAN avanc\u00e9s d&rsquo;ART Logicsr<\/h4>\n<p style=\"text-align: left;\">L&rsquo;efficacit\u00e9 au service de la pr\u00e9cision.<\/p>    <\/div>\n<\/div>\n<!-- \/module text -->        <\/div>\n                    <div  data-lazy=\"1\" class=\"module_column tb-column col4-2 tb_2qdj804 last\" data-tb_link=\"https:\/\/www.art-logics.com\/use-case-effortless-bms-testing-with-the-art-logics-bms-function-test-bench\/\" data-tb_link_new=\"1\">\n                            <\/div>\n                        <\/div>\n        <\/div>\n                        <div  data-lazy=\"1\" class=\"module_row themify_builder_row tb_r7jn030 tf_w\">\n                        <div class=\"row_inner col_align_top tb_col_count_1 tf_box tf_rel\">\n                        <div  data-lazy=\"1\" class=\"module_column tb-column col-full tb_tta5007 first\">\n                            <\/div>\n                        <\/div>\n        <\/div>\n                        <div  data-lazy=\"1\" class=\"module_row themify_builder_row tb_pd5w507 tf_w\">\n            <span  class=\"builder_row_cover tf_abs\" data-lazy=\"1\"><\/span>            <div class=\"row_inner col_align_top tb_col_count_1 tf_box tf_rel\">\n                        <div  data-lazy=\"1\" class=\"module_column tb-column col-full tb_6bea007 first\">\n                    <!-- module text -->\n<div  class=\"module module-text tb_zkzv488    wow\" data-tf-animation=\"wobble\" data-lazy=\"1\">\n        <div  class=\"tb_text_wrap\">\n        <h2>Des questions ?<\/h2>    <\/div>\n<\/div>\n<!-- \/module text --><!-- module buttons -->\n<div  class=\"module module-buttons tb_q65g000 buttons-horizontal outline   squared\" data-lazy=\"1\">\n        <div class=\"module-buttons-item tf_in_flx\">\n                        <a href=\"https:\/\/www.art-logics.com\/contact\/\" class=\"ui builder_button tf_in_flx tb_default_color\" >\n                                                Contactez nous                                        <\/a>\n                <\/div>\n            <\/div>\n<!-- \/module buttons -->\n        <\/div>\n                        <\/div>\n        <\/div>\n        <\/div>\n<!--\/themify_builder_content-->","protected":false},"excerpt":{"rendered":"<p>Les outils de communication CAN sont essentiels pour valider et interagir avec les unit\u00e9s de contr\u00f4le \u00e9lectronique (ECU) automobiles qui communiquent sur des bus num\u00e9riques tels que CAN FD, LIN et 100Base-T1. Ces bus constituent l&rsquo;\u00e9pine dorsale des architectures automobiles modernes, permettant l&rsquo;\u00e9change de donn\u00e9es entre les syst\u00e8mes embarqu\u00e9s pour les fonctions critiques du v\u00e9hicule [&hellip;]<\/p>\n","protected":false},"author":2,"featured_media":0,"parent":0,"menu_order":0,"comment_status":"closed","ping_status":"closed","template":"","meta":{"footnotes":""},"class_list":["post-6708","page","type-page","status-publish","hentry","has-post-title","has-post-date","has-post-category","has-post-tag","has-post-comment","has-post-author",""],"yoast_head":"<!-- This site is optimized with the Yoast SEO plugin v27.3 - https:\/\/yoast.com\/product\/yoast-seo-wordpress\/ -->\n<title>CAS D&#039;UTILISATION\uff1aAPPLICATION DE LA CANETTE - Art-Logics<\/title>\n<meta name=\"robots\" content=\"index, follow, max-snippet:-1, max-image-preview:large, max-video-preview:-1\" \/>\n<link rel=\"canonical\" href=\"https:\/\/www.art-logics.com\/fr\/use-case-20250515-2-can-application-fr\/\" \/>\n<meta property=\"og:locale\" content=\"fr_FR\" \/>\n<meta property=\"og:type\" content=\"article\" \/>\n<meta property=\"og:title\" content=\"CAS D&#039;UTILISATION\uff1aAPPLICATION DE LA CANETTE - Art-Logics\" \/>\n<meta property=\"og:description\" content=\"Les outils de communication CAN sont essentiels pour valider et interagir avec les unit\u00e9s de contr\u00f4le \u00e9lectronique (ECU) automobiles qui communiquent sur des bus num\u00e9riques tels que CAN FD, LIN et 100Base-T1. Ces bus constituent l&#039;\u00e9pine dorsale des architectures automobiles modernes, permettant l&#039;\u00e9change de donn\u00e9es entre les syst\u00e8mes embarqu\u00e9s pour les fonctions critiques du v\u00e9hicule [&hellip;]\" \/>\n<meta property=\"og:url\" content=\"https:\/\/www.art-logics.com\/fr\/use-case-20250515-2-can-application-fr\/\" \/>\n<meta property=\"og:site_name\" content=\"Art-Logics\" \/>\n<meta property=\"article:modified_time\" content=\"2026-03-03T08:21:53+00:00\" \/>\n<meta property=\"og:image\" content=\"https:\/\/www.art-logics.com\/wp-content\/uploads\/2025\/12\/CAN-TOOL-24-CHANNEL-MODULE.png\" \/>\n\t<meta property=\"og:image:width\" content=\"1484\" \/>\n\t<meta property=\"og:image:height\" content=\"988\" \/>\n\t<meta property=\"og:image:type\" content=\"image\/png\" \/>\n<meta name=\"twitter:card\" content=\"summary_large_image\" \/>\n<meta name=\"twitter:label1\" content=\"Dur\u00e9e de lecture estim\u00e9e\" \/>\n\t<meta name=\"twitter:data1\" content=\"3 minutes\" \/>\n<script type=\"application\/ld+json\" class=\"yoast-schema-graph\">{\"@context\":\"https:\\\/\\\/schema.org\",\"@graph\":[{\"@type\":\"WebPage\",\"@id\":\"https:\\\/\\\/www.art-logics.com\\\/fr\\\/use-case-20250515-2-can-application-fr\\\/\",\"url\":\"https:\\\/\\\/www.art-logics.com\\\/fr\\\/use-case-20250515-2-can-application-fr\\\/\",\"name\":\"CAS D'UTILISATION\uff1aAPPLICATION DE LA CANETTE - Art-Logics\",\"isPartOf\":{\"@id\":\"https:\\\/\\\/www.art-logics.com\\\/fr\\\/#website\"},\"primaryImageOfPage\":{\"@id\":\"https:\\\/\\\/www.art-logics.com\\\/fr\\\/use-case-20250515-2-can-application-fr\\\/#primaryimage\"},\"image\":{\"@id\":\"https:\\\/\\\/www.art-logics.com\\\/fr\\\/use-case-20250515-2-can-application-fr\\\/#primaryimage\"},\"thumbnailUrl\":\"https:\\\/\\\/www.art-logics.com\\\/wp-content\\\/uploads\\\/2025\\\/12\\\/CAN-TOOL-24-CHANNEL-MODULE-1024x682-569x372.png\",\"datePublished\":\"2025-06-11T05:25:52+00:00\",\"dateModified\":\"2026-03-03T08:21:53+00:00\",\"breadcrumb\":{\"@id\":\"https:\\\/\\\/www.art-logics.com\\\/fr\\\/use-case-20250515-2-can-application-fr\\\/#breadcrumb\"},\"inLanguage\":\"fr-FR\",\"potentialAction\":[{\"@type\":\"ReadAction\",\"target\":[\"https:\\\/\\\/www.art-logics.com\\\/fr\\\/use-case-20250515-2-can-application-fr\\\/\"]}]},{\"@type\":\"ImageObject\",\"inLanguage\":\"fr-FR\",\"@id\":\"https:\\\/\\\/www.art-logics.com\\\/fr\\\/use-case-20250515-2-can-application-fr\\\/#primaryimage\",\"url\":\"https:\\\/\\\/www.art-logics.com\\\/wp-content\\\/uploads\\\/2025\\\/12\\\/CAN-TOOL-24-CHANNEL-MODULE-1024x682-569x372.png\",\"contentUrl\":\"https:\\\/\\\/www.art-logics.com\\\/wp-content\\\/uploads\\\/2025\\\/12\\\/CAN-TOOL-24-CHANNEL-MODULE-1024x682-569x372.png\"},{\"@type\":\"BreadcrumbList\",\"@id\":\"https:\\\/\\\/www.art-logics.com\\\/fr\\\/use-case-20250515-2-can-application-fr\\\/#breadcrumb\",\"itemListElement\":[{\"@type\":\"ListItem\",\"position\":1,\"name\":\"Home\",\"item\":\"https:\\\/\\\/www.art-logics.com\\\/fr\\\/\"},{\"@type\":\"ListItem\",\"position\":2,\"name\":\"CAS D&rsquo;UTILISATION\uff1aAPPLICATION DE LA CANETTE\"}]},{\"@type\":\"WebSite\",\"@id\":\"https:\\\/\\\/www.art-logics.com\\\/fr\\\/#website\",\"url\":\"https:\\\/\\\/www.art-logics.com\\\/fr\\\/\",\"name\":\"Art-Logics\",\"description\":\"Automotive Test Solutions\",\"potentialAction\":[{\"@type\":\"SearchAction\",\"target\":{\"@type\":\"EntryPoint\",\"urlTemplate\":\"https:\\\/\\\/www.art-logics.com\\\/fr\\\/?s={search_term_string}\"},\"query-input\":{\"@type\":\"PropertyValueSpecification\",\"valueRequired\":true,\"valueName\":\"search_term_string\"}}],\"inLanguage\":\"fr-FR\"}]}<\/script>\n<!-- \/ Yoast SEO plugin. -->","yoast_head_json":{"title":"CAS D'UTILISATION\uff1aAPPLICATION DE LA CANETTE - Art-Logics","robots":{"index":"index","follow":"follow","max-snippet":"max-snippet:-1","max-image-preview":"max-image-preview:large","max-video-preview":"max-video-preview:-1"},"canonical":"https:\/\/www.art-logics.com\/fr\/use-case-20250515-2-can-application-fr\/","og_locale":"fr_FR","og_type":"article","og_title":"CAS D'UTILISATION\uff1aAPPLICATION DE LA CANETTE - Art-Logics","og_description":"Les outils de communication CAN sont essentiels pour valider et interagir avec les unit\u00e9s de contr\u00f4le \u00e9lectronique (ECU) automobiles qui communiquent sur des bus num\u00e9riques tels que CAN FD, LIN et 100Base-T1. Ces bus constituent l'\u00e9pine dorsale des architectures automobiles modernes, permettant l'\u00e9change de donn\u00e9es entre les syst\u00e8mes embarqu\u00e9s pour les fonctions critiques du v\u00e9hicule [&hellip;]","og_url":"https:\/\/www.art-logics.com\/fr\/use-case-20250515-2-can-application-fr\/","og_site_name":"Art-Logics","article_modified_time":"2026-03-03T08:21:53+00:00","og_image":[{"width":1484,"height":988,"url":"https:\/\/www.art-logics.com\/wp-content\/uploads\/2025\/12\/CAN-TOOL-24-CHANNEL-MODULE.png","type":"image\/png"}],"twitter_card":"summary_large_image","twitter_misc":{"Dur\u00e9e de lecture estim\u00e9e":"3 minutes"},"schema":{"@context":"https:\/\/schema.org","@graph":[{"@type":"WebPage","@id":"https:\/\/www.art-logics.com\/fr\/use-case-20250515-2-can-application-fr\/","url":"https:\/\/www.art-logics.com\/fr\/use-case-20250515-2-can-application-fr\/","name":"CAS D'UTILISATION\uff1aAPPLICATION DE LA CANETTE - Art-Logics","isPartOf":{"@id":"https:\/\/www.art-logics.com\/fr\/#website"},"primaryImageOfPage":{"@id":"https:\/\/www.art-logics.com\/fr\/use-case-20250515-2-can-application-fr\/#primaryimage"},"image":{"@id":"https:\/\/www.art-logics.com\/fr\/use-case-20250515-2-can-application-fr\/#primaryimage"},"thumbnailUrl":"https:\/\/www.art-logics.com\/wp-content\/uploads\/2025\/12\/CAN-TOOL-24-CHANNEL-MODULE-1024x682-569x372.png","datePublished":"2025-06-11T05:25:52+00:00","dateModified":"2026-03-03T08:21:53+00:00","breadcrumb":{"@id":"https:\/\/www.art-logics.com\/fr\/use-case-20250515-2-can-application-fr\/#breadcrumb"},"inLanguage":"fr-FR","potentialAction":[{"@type":"ReadAction","target":["https:\/\/www.art-logics.com\/fr\/use-case-20250515-2-can-application-fr\/"]}]},{"@type":"ImageObject","inLanguage":"fr-FR","@id":"https:\/\/www.art-logics.com\/fr\/use-case-20250515-2-can-application-fr\/#primaryimage","url":"https:\/\/www.art-logics.com\/wp-content\/uploads\/2025\/12\/CAN-TOOL-24-CHANNEL-MODULE-1024x682-569x372.png","contentUrl":"https:\/\/www.art-logics.com\/wp-content\/uploads\/2025\/12\/CAN-TOOL-24-CHANNEL-MODULE-1024x682-569x372.png"},{"@type":"BreadcrumbList","@id":"https:\/\/www.art-logics.com\/fr\/use-case-20250515-2-can-application-fr\/#breadcrumb","itemListElement":[{"@type":"ListItem","position":1,"name":"Home","item":"https:\/\/www.art-logics.com\/fr\/"},{"@type":"ListItem","position":2,"name":"CAS D&rsquo;UTILISATION\uff1aAPPLICATION DE LA CANETTE"}]},{"@type":"WebSite","@id":"https:\/\/www.art-logics.com\/fr\/#website","url":"https:\/\/www.art-logics.com\/fr\/","name":"Art-Logics","description":"Automotive Test Solutions","potentialAction":[{"@type":"SearchAction","target":{"@type":"EntryPoint","urlTemplate":"https:\/\/www.art-logics.com\/fr\/?s={search_term_string}"},"query-input":{"@type":"PropertyValueSpecification","valueRequired":true,"valueName":"search_term_string"}}],"inLanguage":"fr-FR"}]}},"builder_content":"<h1>APPLICATION DE LA CANETTE<br\/><\/h1>\n<h1>Quelles sont les applications de test des outils de communication CAN d'ART Logics ?<br\/><\/h1>\n<p>Les outils de communication CAN sont essentiels pour valider et interagir avec les unit\u00e9s de contr\u00f4le \u00e9lectronique (ECU) automobiles qui communiquent sur des bus num\u00e9riques tels que CAN FD, LIN et 100Base-T1. Ces bus constituent l'\u00e9pine dorsale des architectures automobiles modernes, permettant l'\u00e9change de donn\u00e9es entre les syst\u00e8mes embarqu\u00e9s pour les fonctions critiques du v\u00e9hicule telles que le contr\u00f4le du groupe motopropulseur, l'\u00e9lectronique de la carrosserie et les syst\u00e8mes avanc\u00e9s d'aide \u00e0 la conduite (ADAS). <\/p> <p>ART Logics propose une plateforme autonome et enti\u00e8rement configurable pour contr\u00f4ler, stimuler et valider la communication sur ces r\u00e9seaux automobiles. Le contr\u00f4leur CAN-6FD offre un support performant pour CAN FD, LIN, 100Base-T1 et les E\/S num\u00e9riques, et peut \u00eatre utilis\u00e9 pour ex\u00e9cuter des s\u00e9quences de test, enregistrer les r\u00e9sultats et v\u00e9rifier le comportement de l'ECU \u00e0 la fois pendant le d\u00e9veloppement et dans les environnements de production. Avec de multiples interfaces de communication (Ethernet TCP, USB-C, RS-232) et un fonctionnement autonome via une carte SD, il permet une int\u00e9gration flexible dans les bancs d'essai ou les configurations de diagnostic mobiles. <\/p>\n<p>Produits supportant l'application CAN :<\/p>\n<em style=\"color:#000000\" ><svg xmlns:xlink=\"http:\/\/www.w3.org\/1999\/xlink\" aria-hidden=\"true\"><use href=\"#tf-far-dot-circle\" xlink:href=\"#tf-far-dot-circle\"><\/use><\/svg><\/em>\n<p><b>CAN Tool-2\/4 Channel Module<\/b><\/p>\n<em style=\"color:#000000\" ><svg xmlns:xlink=\"http:\/\/www.w3.org\/1999\/xlink\" aria-hidden=\"true\"><use href=\"#tf-ti-angle-right\" xlink:href=\"#tf-ti-angle-right\"><\/use><\/svg><\/em>\n<em style=\"color:#000000\" ><svg xmlns:xlink=\"http:\/\/www.w3.org\/1999\/xlink\" aria-hidden=\"true\"><use href=\"#tf-far-dot-circle\" xlink:href=\"#tf-far-dot-circle\"><\/use><\/svg><\/em>\n<p><b>CAN Tool-6\/8 Channel Module<\/b><\/p>\n<em style=\"color:#000000\" ><svg xmlns:xlink=\"http:\/\/www.w3.org\/1999\/xlink\" aria-hidden=\"true\"><use href=\"#tf-ti-angle-right\" xlink:href=\"#tf-ti-angle-right\"><\/use><\/svg><\/em>\n<h1>D\u00e9couvrez les articles consacr\u00e9s \u00e0 nos produits CAN :<br\/><\/h1>\n<img src=\"https:\/\/www.art-logics.com\/wp-content\/uploads\/2025\/12\/CAN-TOOL-24-CHANNEL-MODULE-1024x682-569x372.png\" width=\"569\" height=\"372\" title=\"CAN TOOL-24 CHANNEL MODULE\" alt=\"CAN TOOL-24 CHANNEL MODULE\">\n<h4>Transformez les tests automobiles avec les contr\u00f4leurs de test CAN avanc\u00e9s d'ART Logicsr<\/h4> <p style=\"text-align: left;\">L'efficacit\u00e9 au service de la pr\u00e9cision.<\/p>\n<h2>Des questions ?<\/h2>\n<a href=\"https:\/\/www.art-logics.com\/contact\/\" > Contactez nous <\/a>","_links":{"self":[{"href":"https:\/\/www.art-logics.com\/fr\/wp-json\/wp\/v2\/pages\/6708","targetHints":{"allow":["GET"]}}],"collection":[{"href":"https:\/\/www.art-logics.com\/fr\/wp-json\/wp\/v2\/pages"}],"about":[{"href":"https:\/\/www.art-logics.com\/fr\/wp-json\/wp\/v2\/types\/page"}],"author":[{"embeddable":true,"href":"https:\/\/www.art-logics.com\/fr\/wp-json\/wp\/v2\/users\/2"}],"replies":[{"embeddable":true,"href":"https:\/\/www.art-logics.com\/fr\/wp-json\/wp\/v2\/comments?post=6708"}],"version-history":[{"count":65,"href":"https:\/\/www.art-logics.com\/fr\/wp-json\/wp\/v2\/pages\/6708\/revisions"}],"predecessor-version":[{"id":13743,"href":"https:\/\/www.art-logics.com\/fr\/wp-json\/wp\/v2\/pages\/6708\/revisions\/13743"}],"wp:attachment":[{"href":"https:\/\/www.art-logics.com\/fr\/wp-json\/wp\/v2\/media?parent=6708"}],"curies":[{"name":"wp","href":"https:\/\/api.w.org\/{rel}","templated":true}]}}